{"id":99,"date":"2017-09-01T21:38:48","date_gmt":"2017-09-01T19:38:48","guid":{"rendered":"http:\/\/pedrogajate.com\/?page_id=99"},"modified":"2018-04-18T15:48:02","modified_gmt":"2018-04-18T13:48:02","slug":"guasalvas","status":"publish","type":"page","link":"https:\/\/pedrogajate.com\/?page_id=99","title":{"rendered":"Guasalvas"},"content":{"rendered":"<div class='row'><div style='padding-bottom:35px;' class='span12 first-module module_number_1 module_cont  module_content'><div class='module_content'><h2>Guasalvas<\/h2><br \/>\n<p class=\"p1\">Esta vi\u00f1a se encuentra en el t\u00e9rmino municipal de Villarino, en la penillanura de las arribes del Tormes, tiene una superficie de 4200 m<span class=\"s1\"><sup>2 <\/sup><\/span>y est\u00e1 a una altitud de 650m. Tiene suelos poco profundos (50-65cm) protegidos de la erosi\u00f3n mediante terrazas y bancales que tanto caracterizan el paisaje de Arribes. De textura franco arenosa con un contenido medio en materia org\u00e1nica de 1,8% y pH \u00e1cido.<\/p><br \/>\n&nbsp;<\/div><\/div><!-- .module_cont --><\/div><div class='row'><div style='padding-bottom:0px;' class='span12  module_number_2 module_cont  module_gallery'><div class='dm_lightbox_only list-of-images images_in_a_row_4'>\n                        <div class=\"gallery_item\">\n\t\t\t\t\t\t\t<div class=\"gallery_item_padding\">\n\t\t\t\t\t\t\t\t<div class=\"gallery_item_wrapper\"><a class=\"dm_link\" id=\"dm_image1\" data-count=\"1\" data-width=\"1200\" data-height=\"675\" data-ratio=\"1.7777777777778\" data-thmb=\"https:\/\/pedrogajate.com\/wp-content\/uploads\/2017\/12\/20161008_114642-104x104.jpg\" data-type=\"image\" href=\"https:\/\/pedrogajate.com\/wp-content\/uploads\/2017\/12\/20161008_114642.jpg\" title=\"\"><div class=\"img_block\"><img class=\"img2preload\" data-title = \"\" data-caption = \"\"  data-title-color = \"\" data-caption-color = \"\"  data-img=\"https:\/\/pedrogajate.com\/wp-content\/uploads\/2017\/12\/20161008_114642.jpg\" src=\"https:\/\/pedrogajate.com\/wp-content\/uploads\/2017\/12\/20161008_114642-540x410.jpg\" alt=\"\" \/>\n\t\t\t\t\t\t\t\t\t\t\t<div class=\"gallery_fadder\"><\/div>\n\t\t\t\t\t\t\t\t\t\t\t<span class=\"plus_icon\"><\/span><\/div>\n\t\t\t\t\t\t\t\t\t<\/a>\n\t\t\t\t\t\t\t\t<\/div>\n\t\t\t\t\t\t\t<\/div>\n                        <\/div>\n                        \n                        <div class=\"gallery_item\">\n\t\t\t\t\t\t\t<div class=\"gallery_item_padding\">\n\t\t\t\t\t\t\t\t<div class=\"gallery_item_wrapper\"><a class=\"dm_link\" id=\"dm_image2\" data-count=\"2\" data-width=\"1200\" data-height=\"675\" data-ratio=\"1.7777777777778\" data-thmb=\"https:\/\/pedrogajate.com\/wp-content\/uploads\/2017\/12\/20170413_180057-104x104.jpg\" data-type=\"image\" href=\"https:\/\/pedrogajate.com\/wp-content\/uploads\/2017\/12\/20170413_180057.jpg\" title=\"\"><div class=\"img_block\"><img class=\"img2preload\" data-title = \"\" data-caption = \"\"  data-title-color = \"\" data-caption-color = \"\"  data-img=\"https:\/\/pedrogajate.com\/wp-content\/uploads\/2017\/12\/20170413_180057.jpg\" src=\"https:\/\/pedrogajate.com\/wp-content\/uploads\/2017\/12\/20170413_180057-540x410.jpg\" alt=\"\" \/>\n\t\t\t\t\t\t\t\t\t\t\t<div class=\"gallery_fadder\"><\/div>\n\t\t\t\t\t\t\t\t\t\t\t<span class=\"plus_icon\"><\/span><\/div>\n\t\t\t\t\t\t\t\t\t<\/a>\n\t\t\t\t\t\t\t\t<\/div>\n\t\t\t\t\t\t\t<\/div>\n                        <\/div>\n                        \n                        <div class=\"gallery_item\">\n\t\t\t\t\t\t\t<div class=\"gallery_item_padding\">\n\t\t\t\t\t\t\t\t<div class=\"gallery_item_wrapper\"><a class=\"dm_link\" id=\"dm_image3\" data-count=\"3\" data-width=\"1200\" data-height=\"675\" data-ratio=\"1.7777777777778\" data-thmb=\"https:\/\/pedrogajate.com\/wp-content\/uploads\/2017\/12\/20170413_180132-104x104.jpg\" data-type=\"image\" href=\"https:\/\/pedrogajate.com\/wp-content\/uploads\/2017\/12\/20170413_180132.jpg\" title=\"\"><div class=\"img_block\"><img class=\"img2preload\" data-title = \"\" data-caption = \"\"  data-title-color = \"\" data-caption-color = \"\"  data-img=\"https:\/\/pedrogajate.com\/wp-content\/uploads\/2017\/12\/20170413_180132.jpg\" src=\"https:\/\/pedrogajate.com\/wp-content\/uploads\/2017\/12\/20170413_180132-540x410.jpg\" alt=\"\" \/>\n\t\t\t\t\t\t\t\t\t\t\t<div class=\"gallery_fadder\"><\/div>\n\t\t\t\t\t\t\t\t\t\t\t<span class=\"plus_icon\"><\/span><\/div>\n\t\t\t\t\t\t\t\t\t<\/a>\n\t\t\t\t\t\t\t\t<\/div>\n\t\t\t\t\t\t\t<\/div>\n                        <\/div>\n                        \n                        <div class=\"gallery_item\">\n\t\t\t\t\t\t\t<div class=\"gallery_item_padding\">\n\t\t\t\t\t\t\t\t<div class=\"gallery_item_wrapper\"><a class=\"dm_link\" id=\"dm_image4\" data-count=\"4\" data-width=\"1200\" data-height=\"675\" data-ratio=\"1.7777777777778\" data-thmb=\"https:\/\/pedrogajate.com\/wp-content\/uploads\/2017\/12\/20170413_180332-104x104.jpg\" data-type=\"image\" href=\"https:\/\/pedrogajate.com\/wp-content\/uploads\/2017\/12\/20170413_180332.jpg\" title=\"\"><div class=\"img_block\"><img class=\"img2preload\" data-title = \"\" data-caption = \"\"  data-title-color = \"\" data-caption-color = \"\"  data-img=\"https:\/\/pedrogajate.com\/wp-content\/uploads\/2017\/12\/20170413_180332.jpg\" src=\"https:\/\/pedrogajate.com\/wp-content\/uploads\/2017\/12\/20170413_180332-540x410.jpg\" alt=\"\" \/>\n\t\t\t\t\t\t\t\t\t\t\t<div class=\"gallery_fadder\"><\/div>\n\t\t\t\t\t\t\t\t\t\t\t<span class=\"plus_icon\"><\/span><\/div>\n\t\t\t\t\t\t\t\t\t<\/a>\n\t\t\t\t\t\t\t\t<\/div>\n\t\t\t\t\t\t\t<\/div>\n                        <\/div>\n                        \n                        <div class=\"gallery_item\">\n\t\t\t\t\t\t\t<div class=\"gallery_item_padding\">\n\t\t\t\t\t\t\t\t<div class=\"gallery_item_wrapper\"><a class=\"dm_link\" id=\"dm_image5\" data-count=\"5\" data-width=\"1200\" data-height=\"675\" data-ratio=\"1.7777777777778\" data-thmb=\"https:\/\/pedrogajate.com\/wp-content\/uploads\/2017\/12\/20170506_155900-104x104.jpg\" data-type=\"image\" href=\"https:\/\/pedrogajate.com\/wp-content\/uploads\/2017\/12\/20170506_155900.jpg\" title=\"\"><div class=\"img_block\"><img class=\"img2preload\" data-title = \"\" data-caption = \"\"  data-title-color = \"\" data-caption-color = \"\"  data-img=\"https:\/\/pedrogajate.com\/wp-content\/uploads\/2017\/12\/20170506_155900.jpg\" src=\"https:\/\/pedrogajate.com\/wp-content\/uploads\/2017\/12\/20170506_155900-540x410.jpg\" alt=\"\" \/>\n\t\t\t\t\t\t\t\t\t\t\t<div class=\"gallery_fadder\"><\/div>\n\t\t\t\t\t\t\t\t\t\t\t<span class=\"plus_icon\"><\/span><\/div>\n\t\t\t\t\t\t\t\t\t<\/a>\n\t\t\t\t\t\t\t\t<\/div>\n\t\t\t\t\t\t\t<\/div>\n                        <\/div>\n                        \n                        <div class=\"gallery_item\">\n\t\t\t\t\t\t\t<div class=\"gallery_item_padding\">\n\t\t\t\t\t\t\t\t<div class=\"gallery_item_wrapper\"><a class=\"dm_link\" id=\"dm_image6\" data-count=\"6\" data-width=\"1200\" data-height=\"900\" data-ratio=\"1.3333333333333\" data-thmb=\"https:\/\/pedrogajate.com\/wp-content\/uploads\/2017\/12\/20180218_121857-104x104.jpg\" data-type=\"image\" href=\"https:\/\/pedrogajate.com\/wp-content\/uploads\/2017\/12\/20180218_121857.jpg\" title=\"\"><div class=\"img_block\"><img class=\"img2preload\" data-title = \"\" data-caption = \"\"  data-title-color = \"\" data-caption-color = \"\"  data-img=\"https:\/\/pedrogajate.com\/wp-content\/uploads\/2017\/12\/20180218_121857.jpg\" src=\"https:\/\/pedrogajate.com\/wp-content\/uploads\/2017\/12\/20180218_121857-540x410.jpg\" alt=\"\" \/>\n\t\t\t\t\t\t\t\t\t\t\t<div class=\"gallery_fadder\"><\/div>\n\t\t\t\t\t\t\t\t\t\t\t<span class=\"plus_icon\"><\/span><\/div>\n\t\t\t\t\t\t\t\t\t<\/a>\n\t\t\t\t\t\t\t\t<\/div>\n\t\t\t\t\t\t\t<\/div>\n                        <\/div>\n                        \n                        <div class=\"gallery_item\">\n\t\t\t\t\t\t\t<div class=\"gallery_item_padding\">\n\t\t\t\t\t\t\t\t<div class=\"gallery_item_wrapper\"><a class=\"dm_link\" id=\"dm_image7\" data-count=\"7\" data-width=\"1200\" data-height=\"900\" data-ratio=\"1.3333333333333\" data-thmb=\"https:\/\/pedrogajate.com\/wp-content\/uploads\/2017\/12\/IMG_20160705_091700-104x104.jpg\" data-type=\"image\" href=\"https:\/\/pedrogajate.com\/wp-content\/uploads\/2017\/12\/IMG_20160705_091700.jpg\" title=\"\"><div class=\"img_block\"><img class=\"img2preload\" data-title = \"\" data-caption = \"\"  data-title-color = \"\" data-caption-color = \"\"  data-img=\"https:\/\/pedrogajate.com\/wp-content\/uploads\/2017\/12\/IMG_20160705_091700.jpg\" src=\"https:\/\/pedrogajate.com\/wp-content\/uploads\/2017\/12\/IMG_20160705_091700-540x410.jpg\" alt=\"\" \/>\n\t\t\t\t\t\t\t\t\t\t\t<div class=\"gallery_fadder\"><\/div>\n\t\t\t\t\t\t\t\t\t\t\t<span class=\"plus_icon\"><\/span><\/div>\n\t\t\t\t\t\t\t\t\t<\/a>\n\t\t\t\t\t\t\t\t<\/div>\n\t\t\t\t\t\t\t<\/div>\n                        <\/div>\n                        \n                        <div class=\"gallery_item\">\n\t\t\t\t\t\t\t<div class=\"gallery_item_padding\">\n\t\t\t\t\t\t\t\t<div class=\"gallery_item_wrapper\"><a class=\"dm_link\" id=\"dm_image8\" data-count=\"8\" data-width=\"1200\" data-height=\"900\" data-ratio=\"1.3333333333333\" data-thmb=\"https:\/\/pedrogajate.com\/wp-content\/uploads\/2017\/12\/IMG_20161022_154932-104x104.jpg\" data-type=\"image\" href=\"https:\/\/pedrogajate.com\/wp-content\/uploads\/2017\/12\/IMG_20161022_154932.jpg\" title=\"\"><div class=\"img_block\"><img class=\"img2preload\" data-title = \"\" data-caption = \"\"  data-title-color = \"\" data-caption-color = \"\"  data-img=\"https:\/\/pedrogajate.com\/wp-content\/uploads\/2017\/12\/IMG_20161022_154932.jpg\" src=\"https:\/\/pedrogajate.com\/wp-content\/uploads\/2017\/12\/IMG_20161022_154932-540x410.jpg\" alt=\"\" \/>\n\t\t\t\t\t\t\t\t\t\t\t<div class=\"gallery_fadder\"><\/div>\n\t\t\t\t\t\t\t\t\t\t\t<span class=\"plus_icon\"><\/span><\/div>\n\t\t\t\t\t\t\t\t\t<\/a>\n\t\t\t\t\t\t\t\t<\/div>\n\t\t\t\t\t\t\t<\/div>\n                        <\/div>\n                        \n                        <div class=\"gallery_item\">\n\t\t\t\t\t\t\t<div class=\"gallery_item_padding\">\n\t\t\t\t\t\t\t\t<div class=\"gallery_item_wrapper\"><a class=\"dm_link\" id=\"dm_image9\" data-count=\"9\" data-width=\"1200\" data-height=\"675\" data-ratio=\"1.7777777777778\" data-thmb=\"https:\/\/pedrogajate.com\/wp-content\/uploads\/2017\/12\/IMG_20161229_091130-104x104.jpg\" data-type=\"image\" href=\"https:\/\/pedrogajate.com\/wp-content\/uploads\/2017\/12\/IMG_20161229_091130.jpg\" title=\"\"><div class=\"img_block\"><img class=\"img2preload\" data-title = \"\" data-caption = \"\"  data-title-color = \"\" data-caption-color = \"\"  data-img=\"https:\/\/pedrogajate.com\/wp-content\/uploads\/2017\/12\/IMG_20161229_091130.jpg\" src=\"https:\/\/pedrogajate.com\/wp-content\/uploads\/2017\/12\/IMG_20161229_091130-540x410.jpg\" alt=\"\" \/>\n\t\t\t\t\t\t\t\t\t\t\t<div class=\"gallery_fadder\"><\/div>\n\t\t\t\t\t\t\t\t\t\t\t<span class=\"plus_icon\"><\/span><\/div>\n\t\t\t\t\t\t\t\t\t<\/a>\n\t\t\t\t\t\t\t\t<\/div>\n\t\t\t\t\t\t\t<\/div>\n                        <\/div>\n                        \n                        <div class=\"gallery_item\">\n\t\t\t\t\t\t\t<div class=\"gallery_item_padding\">\n\t\t\t\t\t\t\t\t<div class=\"gallery_item_wrapper\"><a class=\"dm_link\" id=\"dm_image10\" data-count=\"10\" data-width=\"1200\" data-height=\"675\" data-ratio=\"1.7777777777778\" data-thmb=\"https:\/\/pedrogajate.com\/wp-content\/uploads\/2017\/12\/IMG_20170217_104858-104x104.jpg\" data-type=\"image\" href=\"https:\/\/pedrogajate.com\/wp-content\/uploads\/2017\/12\/IMG_20170217_104858.jpg\" title=\"\"><div class=\"img_block\"><img class=\"img2preload\" data-title = \"\" data-caption = \"\"  data-title-color = \"\" data-caption-color = \"\"  data-img=\"https:\/\/pedrogajate.com\/wp-content\/uploads\/2017\/12\/IMG_20170217_104858.jpg\" src=\"https:\/\/pedrogajate.com\/wp-content\/uploads\/2017\/12\/IMG_20170217_104858-540x410.jpg\" alt=\"\" \/>\n\t\t\t\t\t\t\t\t\t\t\t<div class=\"gallery_fadder\"><\/div>\n\t\t\t\t\t\t\t\t\t\t\t<span class=\"plus_icon\"><\/span><\/div>\n\t\t\t\t\t\t\t\t\t<\/a>\n\t\t\t\t\t\t\t\t<\/div>\n\t\t\t\t\t\t\t<\/div>\n                        <\/div>\n                        \n                        <div class=\"gallery_item\">\n\t\t\t\t\t\t\t<div class=\"gallery_item_padding\">\n\t\t\t\t\t\t\t\t<div class=\"gallery_item_wrapper\"><a class=\"dm_link\" id=\"dm_image11\" data-count=\"11\" data-width=\"1200\" data-height=\"675\" data-ratio=\"1.7777777777778\" data-thmb=\"https:\/\/pedrogajate.com\/wp-content\/uploads\/2017\/12\/IMG_20180217_094759-104x104.jpg\" data-type=\"image\" href=\"https:\/\/pedrogajate.com\/wp-content\/uploads\/2017\/12\/IMG_20180217_094759.jpg\" title=\"\"><div class=\"img_block\"><img class=\"img2preload\" data-title = \"\" data-caption = \"\"  data-title-color = \"\" data-caption-color = \"\"  data-img=\"https:\/\/pedrogajate.com\/wp-content\/uploads\/2017\/12\/IMG_20180217_094759.jpg\" src=\"https:\/\/pedrogajate.com\/wp-content\/uploads\/2017\/12\/IMG_20180217_094759-540x410.jpg\" alt=\"\" \/>\n\t\t\t\t\t\t\t\t\t\t\t<div class=\"gallery_fadder\"><\/div>\n\t\t\t\t\t\t\t\t\t\t\t<span class=\"plus_icon\"><\/span><\/div>\n\t\t\t\t\t\t\t\t\t<\/a>\n\t\t\t\t\t\t\t\t<\/div>\n\t\t\t\t\t\t\t<\/div>\n                        <\/div>\n                        \n                        <div class=\"gallery_item\">\n\t\t\t\t\t\t\t<div class=\"gallery_item_padding\">\n\t\t\t\t\t\t\t\t<div class=\"gallery_item_wrapper\"><a class=\"dm_link\" id=\"dm_image12\" data-count=\"12\" data-width=\"1200\" data-height=\"675\" data-ratio=\"1.7777777777778\" data-thmb=\"https:\/\/pedrogajate.com\/wp-content\/uploads\/2017\/12\/IMG_20180217_103028-104x104.jpg\" data-type=\"image\" href=\"https:\/\/pedrogajate.com\/wp-content\/uploads\/2017\/12\/IMG_20180217_103028.jpg\" title=\"\"><div class=\"img_block\"><img class=\"img2preload\" data-title = \"\" data-caption = \"\"  data-title-color = \"\" data-caption-color = \"\"  data-img=\"https:\/\/pedrogajate.com\/wp-content\/uploads\/2017\/12\/IMG_20180217_103028.jpg\" src=\"https:\/\/pedrogajate.com\/wp-content\/uploads\/2017\/12\/IMG_20180217_103028-540x410.jpg\" alt=\"\" \/>\n\t\t\t\t\t\t\t\t\t\t\t<div class=\"gallery_fadder\"><\/div>\n\t\t\t\t\t\t\t\t\t\t\t<span class=\"plus_icon\"><\/span><\/div>\n\t\t\t\t\t\t\t\t\t<\/a>\n\t\t\t\t\t\t\t\t<\/div>\n\t\t\t\t\t\t\t<\/div>\n                        <\/div>\n                        \n                        <div class=\"gallery_item\">\n\t\t\t\t\t\t\t<div class=\"gallery_item_padding\">\n\t\t\t\t\t\t\t\t<div class=\"gallery_item_wrapper\"><a class=\"dm_link\" id=\"dm_image13\" data-count=\"13\" data-width=\"1200\" data-height=\"675\" data-ratio=\"1.7777777777778\" data-thmb=\"https:\/\/pedrogajate.com\/wp-content\/uploads\/2017\/12\/IMG_20180218_114959-104x104.jpg\" data-type=\"image\" href=\"https:\/\/pedrogajate.com\/wp-content\/uploads\/2017\/12\/IMG_20180218_114959.jpg\" title=\"\"><div class=\"img_block\"><img class=\"img2preload\" data-title = \"\" data-caption = \"\"  data-title-color = \"\" data-caption-color = \"\"  data-img=\"https:\/\/pedrogajate.com\/wp-content\/uploads\/2017\/12\/IMG_20180218_114959.jpg\" src=\"https:\/\/pedrogajate.com\/wp-content\/uploads\/2017\/12\/IMG_20180218_114959-540x410.jpg\" alt=\"\" \/>\n\t\t\t\t\t\t\t\t\t\t\t<div class=\"gallery_fadder\"><\/div>\n\t\t\t\t\t\t\t\t\t\t\t<span class=\"plus_icon\"><\/span><\/div>\n\t\t\t\t\t\t\t\t\t<\/a>\n\t\t\t\t\t\t\t\t<\/div>\n\t\t\t\t\t\t\t<\/div>\n                        <\/div>\n                        \n                        <div class=\"gallery_item\">\n\t\t\t\t\t\t\t<div class=\"gallery_item_padding\">\n\t\t\t\t\t\t\t\t<div class=\"gallery_item_wrapper\"><a class=\"dm_link\" id=\"dm_image14\" data-count=\"14\" data-width=\"1200\" data-height=\"675\" data-ratio=\"1.7777777777778\" data-thmb=\"https:\/\/pedrogajate.com\/wp-content\/uploads\/2017\/12\/IMG-20160218-WA0001-104x104.jpg\" data-type=\"image\" href=\"https:\/\/pedrogajate.com\/wp-content\/uploads\/2017\/12\/IMG-20160218-WA0001.jpg\" title=\"\"><div class=\"img_block\"><img class=\"img2preload\" data-title = \"\" data-caption = \"\"  data-title-color = \"\" data-caption-color = \"\"  data-img=\"https:\/\/pedrogajate.com\/wp-content\/uploads\/2017\/12\/IMG-20160218-WA0001.jpg\" src=\"https:\/\/pedrogajate.com\/wp-content\/uploads\/2017\/12\/IMG-20160218-WA0001-540x410.jpg\" alt=\"\" \/>\n\t\t\t\t\t\t\t\t\t\t\t<div class=\"gallery_fadder\"><\/div>\n\t\t\t\t\t\t\t\t\t\t\t<span class=\"plus_icon\"><\/span><\/div>\n\t\t\t\t\t\t\t\t\t<\/a>\n\t\t\t\t\t\t\t\t<\/div>\n\t\t\t\t\t\t\t<\/div>\n                        <\/div>\n                        \n                        <div class=\"gallery_item\">\n\t\t\t\t\t\t\t<div class=\"gallery_item_padding\">\n\t\t\t\t\t\t\t\t<div class=\"gallery_item_wrapper\"><a class=\"dm_link\" id=\"dm_image15\" data-count=\"15\" data-width=\"800\" data-height=\"1067\" data-ratio=\"0.74976569821931\" data-thmb=\"https:\/\/pedrogajate.com\/wp-content\/uploads\/2017\/12\/Guasalvas_1-104x104.jpg\" data-type=\"image\" href=\"https:\/\/pedrogajate.com\/wp-content\/uploads\/2017\/12\/Guasalvas_1.jpg\" title=\"\"><div class=\"img_block\"><img class=\"img2preload\" data-title = \"\" data-caption = \"\"  data-title-color = \"\" data-caption-color = \"\"  data-img=\"https:\/\/pedrogajate.com\/wp-content\/uploads\/2017\/12\/Guasalvas_1.jpg\" src=\"https:\/\/pedrogajate.com\/wp-content\/uploads\/2017\/12\/Guasalvas_1-540x410.jpg\" alt=\"\" \/>\n\t\t\t\t\t\t\t\t\t\t\t<div class=\"gallery_fadder\"><\/div>\n\t\t\t\t\t\t\t\t\t\t\t<span class=\"plus_icon\"><\/span><\/div>\n\t\t\t\t\t\t\t\t\t<\/a>\n\t\t\t\t\t\t\t\t<\/div>\n\t\t\t\t\t\t\t<\/div>\n                        <\/div>\n                        \n                        <div class=\"gallery_item\">\n\t\t\t\t\t\t\t<div class=\"gallery_item_padding\">\n\t\t\t\t\t\t\t\t<div class=\"gallery_item_wrapper\"><a class=\"dm_link\" id=\"dm_image16\" data-count=\"16\" data-width=\"800\" data-height=\"1067\" data-ratio=\"0.74976569821931\" data-thmb=\"https:\/\/pedrogajate.com\/wp-content\/uploads\/2017\/12\/Guasalvas_2-104x104.jpg\" data-type=\"image\" href=\"https:\/\/pedrogajate.com\/wp-content\/uploads\/2017\/12\/Guasalvas_2.jpg\" title=\"\"><div class=\"img_block\"><img class=\"img2preload\" data-title = \"\" data-caption = \"\"  data-title-color = \"\" data-caption-color = \"\"  data-img=\"https:\/\/pedrogajate.com\/wp-content\/uploads\/2017\/12\/Guasalvas_2.jpg\" src=\"https:\/\/pedrogajate.com\/wp-content\/uploads\/2017\/12\/Guasalvas_2-540x410.jpg\" alt=\"\" \/>\n\t\t\t\t\t\t\t\t\t\t\t<div class=\"gallery_fadder\"><\/div>\n\t\t\t\t\t\t\t\t\t\t\t<span class=\"plus_icon\"><\/span><\/div>\n\t\t\t\t\t\t\t\t\t<\/a>\n\t\t\t\t\t\t\t\t<\/div>\n\t\t\t\t\t\t\t<\/div>\n                        <\/div>\n                        \n                        <div class=\"gallery_item\">\n\t\t\t\t\t\t\t<div class=\"gallery_item_padding\">\n\t\t\t\t\t\t\t\t<div class=\"gallery_item_wrapper\"><a class=\"dm_link\" id=\"dm_image17\" data-count=\"17\" data-width=\"800\" data-height=\"1067\" data-ratio=\"0.74976569821931\" data-thmb=\"https:\/\/pedrogajate.com\/wp-content\/uploads\/2017\/12\/Guasalvas_3-104x104.jpg\" data-type=\"image\" href=\"https:\/\/pedrogajate.com\/wp-content\/uploads\/2017\/12\/Guasalvas_3.jpg\" title=\"\"><div class=\"img_block\"><img class=\"img2preload\" data-title = \"\" data-caption = \"\"  data-title-color = \"\" data-caption-color = \"\"  data-img=\"https:\/\/pedrogajate.com\/wp-content\/uploads\/2017\/12\/Guasalvas_3.jpg\" src=\"https:\/\/pedrogajate.com\/wp-content\/uploads\/2017\/12\/Guasalvas_3-540x410.jpg\" alt=\"\" \/>\n\t\t\t\t\t\t\t\t\t\t\t<div class=\"gallery_fadder\"><\/div>\n\t\t\t\t\t\t\t\t\t\t\t<span class=\"plus_icon\"><\/span><\/div>\n\t\t\t\t\t\t\t\t\t<\/a>\n\t\t\t\t\t\t\t\t<\/div>\n\t\t\t\t\t\t\t<\/div>\n                        <\/div>\n                        \n            <div class='clear'><\/div>\n            <\/div>\n            <\/div><!-- .module_cont --><\/div>","protected":false},"excerpt":{"rendered":"<p>Guasalvas Esta vi\u00f1a se encuentra en el t\u00e9rmino municipal de Villarino, en la penillanura de las arribes del Tormes, tiene una superficie de 4200 m2 y est\u00e1 a una altitud de 650m. Tiene suelos poco profundos (50-65cm) protegidos de la erosi\u00f3n mediante terrazas y bancales que tanto caracterizan el paisaje de Arribes. De textura franco arenosa con un contenido medio en materia org\u00e1nica de 1,8% y pH \u00e1cido. &nbsp;<\/p>\n","protected":false},"author":1,"featured_media":203,"parent":26,"menu_order":0,"comment_status":"closed","ping_status":"closed","template":"page-center.php","meta":[],"_links":{"self":[{"href":"https:\/\/pedrogajate.com\/index.php?rest_route=\/wp\/v2\/pages\/99"}],"collection":[{"href":"https:\/\/pedrogajate.com\/index.php?rest_route=\/wp\/v2\/pages"}],"about":[{"href":"https:\/\/pedrogajate.com\/index.php?rest_route=\/wp\/v2\/types\/page"}],"author":[{"embeddable":true,"href":"https:\/\/pedrogajate.com\/index.php?rest_route=\/wp\/v2\/users\/1"}],"replies":[{"embeddable":true,"href":"https:\/\/pedrogajate.com\/index.php?rest_route=%2Fwp%2Fv2%2Fcomments&post=99"}],"version-history":[{"count":11,"href":"https:\/\/pedrogajate.com\/index.php?rest_route=\/wp\/v2\/pages\/99\/revisions"}],"predecessor-version":[{"id":276,"href":"https:\/\/pedrogajate.com\/index.php?rest_route=\/wp\/v2\/pages\/99\/revisions\/276"}],"up":[{"embeddable":true,"href":"https:\/\/pedrogajate.com\/index.php?rest_route=\/wp\/v2\/pages\/26"}],"wp:featuredmedia":[{"embeddable":true,"href":"https:\/\/pedrogajate.com\/index.php?rest_route=\/wp\/v2\/media\/203"}],"wp:attachment":[{"href":"https:\/\/pedrogajate.com\/index.php?rest_route=%2Fwp%2Fv2%2Fmedia&parent=99"}],"curies":[{"name":"wp","href":"https:\/\/api.w.org\/{rel}","templated":true}]}}