{"id":95,"date":"2017-09-01T20:46:01","date_gmt":"2017-09-01T20:46:01","guid":{"rendered":"http:\/\/pedrogajate.com\/?page_id=95"},"modified":"2018-04-18T11:18:45","modified_gmt":"2018-04-18T09:18:45","slug":"los-nueve-canos","status":"publish","type":"page","link":"https:\/\/pedrogajate.com\/?page_id=95","title":{"rendered":"Los Nueve Ca\u00f1os"},"content":{"rendered":"<div class='row'><div style='padding-bottom:35px;' class='span12 first-module module_number_1 module_cont  module_content'><div class='module_content'><h2>Los Nueve Ca\u00f1os<\/h2><br \/>\n<p class=\"p1\">Esta parcela tiene una superficie de 6500m<span class=\"s1\"><sup>2<\/sup><\/span>, de los cuales 3600m<span class=\"s1\"><sup>2<\/sup><\/span> son vi\u00f1edo y el resto frutales. Se encuentra en el t\u00e9rmino municipal de Sobradillo a una altitud de 650m. Su altitud y geolocalizaci\u00f3n en un valle de la ribera del arroyo Pascual hace que sea la vi\u00f1a que mas heladas de primavera sufre. Suelo poco profundo (40-60cm) de textura franco arenosa con contenido medio en materia org\u00e1nica (2%).<\/p><br \/>\n&nbsp;<\/div><\/div><!-- .module_cont --><\/div><div class='row'><div style='padding-bottom:0px;' class='span12  module_number_2 module_cont  module_gallery'><div class='dm_lightbox_only list-of-images images_in_a_row_4'>\n                        <div class=\"gallery_item\">\n\t\t\t\t\t\t\t<div class=\"gallery_item_padding\">\n\t\t\t\t\t\t\t\t<div class=\"gallery_item_wrapper\"><a class=\"dm_link\" id=\"dm_image1\" data-count=\"1\" data-width=\"1200\" data-height=\"675\" data-ratio=\"1.7777777777778\" data-thmb=\"https:\/\/pedrogajate.com\/wp-content\/uploads\/2017\/12\/IMG_20180220_160620-104x104.jpg\" data-type=\"image\" href=\"https:\/\/pedrogajate.com\/wp-content\/uploads\/2017\/12\/IMG_20180220_160620.jpg\" title=\"\"><div class=\"img_block\"><img class=\"img2preload\" data-title = \"\" data-caption = \"\"  data-title-color = \"\" data-caption-color = \"\"  data-img=\"https:\/\/pedrogajate.com\/wp-content\/uploads\/2017\/12\/IMG_20180220_160620.jpg\" src=\"https:\/\/pedrogajate.com\/wp-content\/uploads\/2017\/12\/IMG_20180220_160620-540x410.jpg\" alt=\"\" \/>\n\t\t\t\t\t\t\t\t\t\t\t<div class=\"gallery_fadder\"><\/div>\n\t\t\t\t\t\t\t\t\t\t\t<span class=\"plus_icon\"><\/span><\/div>\n\t\t\t\t\t\t\t\t\t<\/a>\n\t\t\t\t\t\t\t\t<\/div>\n\t\t\t\t\t\t\t<\/div>\n                        <\/div>\n                        \n                        <div class=\"gallery_item\">\n\t\t\t\t\t\t\t<div class=\"gallery_item_padding\">\n\t\t\t\t\t\t\t\t<div class=\"gallery_item_wrapper\"><a class=\"dm_link\" id=\"dm_image2\" data-count=\"2\" data-width=\"1200\" data-height=\"675\" data-ratio=\"1.7777777777778\" data-thmb=\"https:\/\/pedrogajate.com\/wp-content\/uploads\/2017\/12\/IMG_20180220_160143-104x104.jpg\" data-type=\"image\" href=\"https:\/\/pedrogajate.com\/wp-content\/uploads\/2017\/12\/IMG_20180220_160143.jpg\" title=\"\"><div class=\"img_block\"><img class=\"img2preload\" data-title = \"\" data-caption = \"\"  data-title-color = \"\" data-caption-color = \"\"  data-img=\"https:\/\/pedrogajate.com\/wp-content\/uploads\/2017\/12\/IMG_20180220_160143.jpg\" src=\"https:\/\/pedrogajate.com\/wp-content\/uploads\/2017\/12\/IMG_20180220_160143-540x410.jpg\" alt=\"\" \/>\n\t\t\t\t\t\t\t\t\t\t\t<div class=\"gallery_fadder\"><\/div>\n\t\t\t\t\t\t\t\t\t\t\t<span class=\"plus_icon\"><\/span><\/div>\n\t\t\t\t\t\t\t\t\t<\/a>\n\t\t\t\t\t\t\t\t<\/div>\n\t\t\t\t\t\t\t<\/div>\n                        <\/div>\n                        \n                        <div class=\"gallery_item\">\n\t\t\t\t\t\t\t<div class=\"gallery_item_padding\">\n\t\t\t\t\t\t\t\t<div class=\"gallery_item_wrapper\"><a class=\"dm_link\" id=\"dm_image3\" data-count=\"3\" data-width=\"1200\" data-height=\"675\" data-ratio=\"1.7777777777778\" data-thmb=\"https:\/\/pedrogajate.com\/wp-content\/uploads\/2017\/12\/IMG_20180220_160047-104x104.jpg\" data-type=\"image\" href=\"https:\/\/pedrogajate.com\/wp-content\/uploads\/2017\/12\/IMG_20180220_160047.jpg\" title=\"\"><div class=\"img_block\"><img class=\"img2preload\" data-title = \"\" data-caption = \"\"  data-title-color = \"\" data-caption-color = \"\"  data-img=\"https:\/\/pedrogajate.com\/wp-content\/uploads\/2017\/12\/IMG_20180220_160047.jpg\" src=\"https:\/\/pedrogajate.com\/wp-content\/uploads\/2017\/12\/IMG_20180220_160047-540x410.jpg\" alt=\"\" \/>\n\t\t\t\t\t\t\t\t\t\t\t<div class=\"gallery_fadder\"><\/div>\n\t\t\t\t\t\t\t\t\t\t\t<span class=\"plus_icon\"><\/span><\/div>\n\t\t\t\t\t\t\t\t\t<\/a>\n\t\t\t\t\t\t\t\t<\/div>\n\t\t\t\t\t\t\t<\/div>\n                        <\/div>\n                        \n                        <div class=\"gallery_item\">\n\t\t\t\t\t\t\t<div class=\"gallery_item_padding\">\n\t\t\t\t\t\t\t\t<div class=\"gallery_item_wrapper\"><a class=\"dm_link\" id=\"dm_image4\" data-count=\"4\" data-width=\"1200\" data-height=\"803\" data-ratio=\"1.494396014944\" data-thmb=\"https:\/\/pedrogajate.com\/wp-content\/uploads\/2017\/12\/DSC_0168-104x104.jpg\" data-type=\"image\" href=\"https:\/\/pedrogajate.com\/wp-content\/uploads\/2017\/12\/DSC_0168.jpg\" title=\"\"><div class=\"img_block\"><img class=\"img2preload\" data-title = \"\" data-caption = \"\"  data-title-color = \"\" data-caption-color = \"\"  data-img=\"https:\/\/pedrogajate.com\/wp-content\/uploads\/2017\/12\/DSC_0168.jpg\" src=\"https:\/\/pedrogajate.com\/wp-content\/uploads\/2017\/12\/DSC_0168-540x410.jpg\" alt=\"\" \/>\n\t\t\t\t\t\t\t\t\t\t\t<div class=\"gallery_fadder\"><\/div>\n\t\t\t\t\t\t\t\t\t\t\t<span class=\"plus_icon\"><\/span><\/div>\n\t\t\t\t\t\t\t\t\t<\/a>\n\t\t\t\t\t\t\t\t<\/div>\n\t\t\t\t\t\t\t<\/div>\n                        <\/div>\n                        \n                        <div class=\"gallery_item\">\n\t\t\t\t\t\t\t<div class=\"gallery_item_padding\">\n\t\t\t\t\t\t\t\t<div class=\"gallery_item_wrapper\"><a class=\"dm_link\" id=\"dm_image5\" data-count=\"5\" data-width=\"1200\" data-height=\"803\" data-ratio=\"1.494396014944\" data-thmb=\"https:\/\/pedrogajate.com\/wp-content\/uploads\/2017\/12\/DSC_0122-104x104.jpg\" data-type=\"image\" href=\"https:\/\/pedrogajate.com\/wp-content\/uploads\/2017\/12\/DSC_0122.jpg\" title=\"\"><div class=\"img_block\"><img class=\"img2preload\" data-title = \"\" data-caption = \"\"  data-title-color = \"\" data-caption-color = \"\"  data-img=\"https:\/\/pedrogajate.com\/wp-content\/uploads\/2017\/12\/DSC_0122.jpg\" src=\"https:\/\/pedrogajate.com\/wp-content\/uploads\/2017\/12\/DSC_0122-540x410.jpg\" alt=\"\" \/>\n\t\t\t\t\t\t\t\t\t\t\t<div class=\"gallery_fadder\"><\/div>\n\t\t\t\t\t\t\t\t\t\t\t<span class=\"plus_icon\"><\/span><\/div>\n\t\t\t\t\t\t\t\t\t<\/a>\n\t\t\t\t\t\t\t\t<\/div>\n\t\t\t\t\t\t\t<\/div>\n                        <\/div>\n                        \n                        <div class=\"gallery_item\">\n\t\t\t\t\t\t\t<div class=\"gallery_item_padding\">\n\t\t\t\t\t\t\t\t<div class=\"gallery_item_wrapper\"><a class=\"dm_link\" id=\"dm_image6\" data-count=\"6\" data-width=\"1200\" data-height=\"900\" data-ratio=\"1.3333333333333\" data-thmb=\"https:\/\/pedrogajate.com\/wp-content\/uploads\/2017\/12\/20180219_094307-104x104.jpg\" data-type=\"image\" href=\"https:\/\/pedrogajate.com\/wp-content\/uploads\/2017\/12\/20180219_094307.jpg\" title=\"\"><div class=\"img_block\"><img class=\"img2preload\" data-title = \"\" data-caption = \"\"  data-title-color = \"\" data-caption-color = \"\"  data-img=\"https:\/\/pedrogajate.com\/wp-content\/uploads\/2017\/12\/20180219_094307.jpg\" src=\"https:\/\/pedrogajate.com\/wp-content\/uploads\/2017\/12\/20180219_094307-540x410.jpg\" alt=\"\" \/>\n\t\t\t\t\t\t\t\t\t\t\t<div class=\"gallery_fadder\"><\/div>\n\t\t\t\t\t\t\t\t\t\t\t<span class=\"plus_icon\"><\/span><\/div>\n\t\t\t\t\t\t\t\t\t<\/a>\n\t\t\t\t\t\t\t\t<\/div>\n\t\t\t\t\t\t\t<\/div>\n                        <\/div>\n                        \n                        <div class=\"gallery_item\">\n\t\t\t\t\t\t\t<div class=\"gallery_item_padding\">\n\t\t\t\t\t\t\t\t<div class=\"gallery_item_wrapper\"><a class=\"dm_link\" id=\"dm_image7\" data-count=\"7\" data-width=\"800\" data-height=\"1067\" data-ratio=\"0.74976569821931\" data-thmb=\"https:\/\/pedrogajate.com\/wp-content\/uploads\/2017\/12\/Nueve_ca\u00a7os_1-104x104.jpg\" data-type=\"image\" href=\"https:\/\/pedrogajate.com\/wp-content\/uploads\/2017\/12\/Nueve_ca\u00a7os_1.jpg\" title=\"\"><div class=\"img_block\"><img class=\"img2preload\" data-title = \"\" data-caption = \"\"  data-title-color = \"\" data-caption-color = \"\"  data-img=\"https:\/\/pedrogajate.com\/wp-content\/uploads\/2017\/12\/Nueve_ca\u00a7os_1.jpg\" src=\"https:\/\/pedrogajate.com\/wp-content\/uploads\/2017\/12\/Nueve_ca\u00a7os_1-540x410.jpg\" alt=\"\" \/>\n\t\t\t\t\t\t\t\t\t\t\t<div class=\"gallery_fadder\"><\/div>\n\t\t\t\t\t\t\t\t\t\t\t<span class=\"plus_icon\"><\/span><\/div>\n\t\t\t\t\t\t\t\t\t<\/a>\n\t\t\t\t\t\t\t\t<\/div>\n\t\t\t\t\t\t\t<\/div>\n                        <\/div>\n                        \n                        <div class=\"gallery_item\">\n\t\t\t\t\t\t\t<div class=\"gallery_item_padding\">\n\t\t\t\t\t\t\t\t<div class=\"gallery_item_wrapper\"><a class=\"dm_link\" id=\"dm_image8\" data-count=\"8\" data-width=\"800\" data-height=\"1067\" data-ratio=\"0.74976569821931\" data-thmb=\"https:\/\/pedrogajate.com\/wp-content\/uploads\/2017\/12\/Nueve_ca\u00a7os_2-104x104.jpg\" data-type=\"image\" href=\"https:\/\/pedrogajate.com\/wp-content\/uploads\/2017\/12\/Nueve_ca\u00a7os_2.jpg\" title=\"\"><div class=\"img_block\"><img class=\"img2preload\" data-title = \"\" data-caption = \"\"  data-title-color = \"\" data-caption-color = \"\"  data-img=\"https:\/\/pedrogajate.com\/wp-content\/uploads\/2017\/12\/Nueve_ca\u00a7os_2.jpg\" src=\"https:\/\/pedrogajate.com\/wp-content\/uploads\/2017\/12\/Nueve_ca\u00a7os_2-540x410.jpg\" alt=\"\" \/>\n\t\t\t\t\t\t\t\t\t\t\t<div class=\"gallery_fadder\"><\/div>\n\t\t\t\t\t\t\t\t\t\t\t<span class=\"plus_icon\"><\/span><\/div>\n\t\t\t\t\t\t\t\t\t<\/a>\n\t\t\t\t\t\t\t\t<\/div>\n\t\t\t\t\t\t\t<\/div>\n                        <\/div>\n                        \n                        <div class=\"gallery_item\">\n\t\t\t\t\t\t\t<div class=\"gallery_item_padding\">\n\t\t\t\t\t\t\t\t<div class=\"gallery_item_wrapper\"><a class=\"dm_link\" id=\"dm_image9\" data-count=\"9\" data-width=\"800\" data-height=\"1067\" data-ratio=\"0.74976569821931\" data-thmb=\"https:\/\/pedrogajate.com\/wp-content\/uploads\/2017\/12\/Nueve_ca\u00a7os_3-104x104.jpg\" data-type=\"image\" href=\"https:\/\/pedrogajate.com\/wp-content\/uploads\/2017\/12\/Nueve_ca\u00a7os_3.jpg\" title=\"\"><div class=\"img_block\"><img class=\"img2preload\" data-title = \"\" data-caption = \"\"  data-title-color = \"\" data-caption-color = \"\"  data-img=\"https:\/\/pedrogajate.com\/wp-content\/uploads\/2017\/12\/Nueve_ca\u00a7os_3.jpg\" src=\"https:\/\/pedrogajate.com\/wp-content\/uploads\/2017\/12\/Nueve_ca\u00a7os_3-540x410.jpg\" alt=\"\" \/>\n\t\t\t\t\t\t\t\t\t\t\t<div class=\"gallery_fadder\"><\/div>\n\t\t\t\t\t\t\t\t\t\t\t<span class=\"plus_icon\"><\/span><\/div>\n\t\t\t\t\t\t\t\t\t<\/a>\n\t\t\t\t\t\t\t\t<\/div>\n\t\t\t\t\t\t\t<\/div>\n                        <\/div>\n                        \n            <div class='clear'><\/div>\n            <\/div>\n            <\/div><!-- .module_cont --><\/div>","protected":false},"excerpt":{"rendered":"<p>Los Nueve Ca\u00f1os Esta parcela tiene una superficie de 6500m2, de los cuales 3600m2 son vi\u00f1edo y el resto frutales. Se encuentra en el t\u00e9rmino municipal de Sobradillo a una altitud de 650m. Su altitud y geolocalizaci\u00f3n en un valle de la ribera del arroyo Pascual hace que sea la vi\u00f1a que mas heladas de primavera sufre. Suelo poco profundo (40-60cm) de textura franco arenosa con contenido medio en materia org\u00e1nica (2%). &nbsp;<\/p>\n","protected":false},"author":1,"featured_media":0,"parent":26,"menu_order":0,"comment_status":"closed","ping_status":"closed","template":"page-center.php","meta":[],"_links":{"self":[{"href":"https:\/\/pedrogajate.com\/index.php?rest_route=\/wp\/v2\/pages\/95"}],"collection":[{"href":"https:\/\/pedrogajate.com\/index.php?rest_route=\/wp\/v2\/pages"}],"about":[{"href":"https:\/\/pedrogajate.com\/index.php?rest_route=\/wp\/v2\/types\/page"}],"author":[{"embeddable":true,"href":"https:\/\/pedrogajate.com\/index.php?rest_route=\/wp\/v2\/users\/1"}],"replies":[{"embeddable":true,"href":"https:\/\/pedrogajate.com\/index.php?rest_route=%2Fwp%2Fv2%2Fcomments&post=95"}],"version-history":[{"count":4,"href":"https:\/\/pedrogajate.com\/index.php?rest_route=\/wp\/v2\/pages\/95\/revisions"}],"predecessor-version":[{"id":281,"href":"https:\/\/pedrogajate.com\/index.php?rest_route=\/wp\/v2\/pages\/95\/revisions\/281"}],"up":[{"embeddable":true,"href":"https:\/\/pedrogajate.com\/index.php?rest_route=\/wp\/v2\/pages\/26"}],"wp:attachment":[{"href":"https:\/\/pedrogajate.com\/index.php?rest_route=%2Fwp%2Fv2%2Fmedia&parent=95"}],"curies":[{"name":"wp","href":"https:\/\/api.w.org\/{rel}","templated":true}]}}