{"id":74,"date":"2017-08-31T20:56:36","date_gmt":"2017-08-31T20:56:36","guid":{"rendered":"http:\/\/pedrogajate.com\/?page_id=74"},"modified":"2018-04-18T11:01:03","modified_gmt":"2018-04-18T09:01:03","slug":"los-alamos-blancos","status":"publish","type":"page","link":"https:\/\/pedrogajate.com\/?page_id=74","title":{"rendered":"Los \u00c1lamos Blancos"},"content":{"rendered":"<div class='row'><div style='padding-bottom:35px;' class='span12 first-module module_number_1 module_cont  module_content'><div class='module_content'><h2>Los \u00c1lamos Blancos<\/h2><br \/>\n<p class=\"p1\">La finca Los \u00c1lamos Blancos se encuentra en el t\u00e9rmino municipal de Sobradillo, en la penillanura de las arribes del \u00c1gueda, a una altitud media de 630 m sobre el nivel del mar. Tiene suelos poco profundos \u00a0protegidos de la erosi\u00f3n mediante las paredes tradicionales de piedra. Los prados y bancales que la forman son un claro ejemplo de la orograf\u00eda t\u00edpica de la penillanura de las arribes del \u00c1gueda.<\/p><br \/>\n<p class=\"p1\">Tiene una superficie de casi 10 hect\u00e1reas, dividida en monte, pastos y prados. \u00a0La masa arbolada est\u00e1 formada principalmente por especies del g\u00e9nero quercus, encina y roble. La actividad agr\u00edcola de la finca se basa en el cultivo en secano de la vid, el olivo y el almendro.<\/p><br \/>\n<p class=\"p1\">La vi\u00f1a est\u00e1 situada a una altitud de 650m y tiene una superficie de 3800m<span class=\"s1\"><sup>2<\/sup><\/span>. Suelo con una profundidad efectiva de media de 70cm aunque en algunos puntos las afloraciones de roca son visibles, de textura franco arenosa con bajo contenido en materia org\u00e1nica y ligeramente \u00e1cidos debido a la roca predominante, \u00a0el granito.<\/p><\/div><\/div><!-- .module_cont --><\/div><div class='row'><div style='padding-bottom:0px;' class='span12  module_number_2 module_cont  module_gallery'><div class='dm_lightbox_only list-of-images images_in_a_row_4'>\n                        <div class=\"gallery_item\">\n\t\t\t\t\t\t\t<div class=\"gallery_item_padding\">\n\t\t\t\t\t\t\t\t<div class=\"gallery_item_wrapper\"><a class=\"dm_link\" id=\"dm_image1\" data-count=\"1\" data-width=\"1200\" data-height=\"675\" data-ratio=\"1.7777777777778\" data-thmb=\"https:\/\/pedrogajate.com\/wp-content\/uploads\/2017\/12\/20140226_160334-104x104.jpg\" data-type=\"image\" href=\"https:\/\/pedrogajate.com\/wp-content\/uploads\/2017\/12\/20140226_160334.jpg\" title=\"\"><div class=\"img_block\"><img class=\"img2preload\" data-title = \"\" data-caption = \"\"  data-title-color = \"\" data-caption-color = \"\"  data-img=\"https:\/\/pedrogajate.com\/wp-content\/uploads\/2017\/12\/20140226_160334.jpg\" src=\"https:\/\/pedrogajate.com\/wp-content\/uploads\/2017\/12\/20140226_160334-540x410.jpg\" alt=\"\" \/>\n\t\t\t\t\t\t\t\t\t\t\t<div class=\"gallery_fadder\"><\/div>\n\t\t\t\t\t\t\t\t\t\t\t<span class=\"plus_icon\"><\/span><\/div>\n\t\t\t\t\t\t\t\t\t<\/a>\n\t\t\t\t\t\t\t\t<\/div>\n\t\t\t\t\t\t\t<\/div>\n                        <\/div>\n                        \n                        <div class=\"gallery_item\">\n\t\t\t\t\t\t\t<div class=\"gallery_item_padding\">\n\t\t\t\t\t\t\t\t<div class=\"gallery_item_wrapper\"><a class=\"dm_link\" id=\"dm_image2\" data-count=\"2\" data-width=\"1200\" data-height=\"2133\" data-ratio=\"0.56258790436006\" data-thmb=\"https:\/\/pedrogajate.com\/wp-content\/uploads\/2017\/12\/20160709_205554-104x104.jpg\" data-type=\"image\" href=\"https:\/\/pedrogajate.com\/wp-content\/uploads\/2017\/12\/20160709_205554.jpg\" title=\"\"><div class=\"img_block\"><img class=\"img2preload\" data-title = \"\" data-caption = \"\"  data-title-color = \"\" data-caption-color = \"\"  data-img=\"https:\/\/pedrogajate.com\/wp-content\/uploads\/2017\/12\/20160709_205554.jpg\" src=\"https:\/\/pedrogajate.com\/wp-content\/uploads\/2017\/12\/20160709_205554-540x410.jpg\" alt=\"\" \/>\n\t\t\t\t\t\t\t\t\t\t\t<div class=\"gallery_fadder\"><\/div>\n\t\t\t\t\t\t\t\t\t\t\t<span class=\"plus_icon\"><\/span><\/div>\n\t\t\t\t\t\t\t\t\t<\/a>\n\t\t\t\t\t\t\t\t<\/div>\n\t\t\t\t\t\t\t<\/div>\n                        <\/div>\n                        \n                        <div class=\"gallery_item\">\n\t\t\t\t\t\t\t<div class=\"gallery_item_padding\">\n\t\t\t\t\t\t\t\t<div class=\"gallery_item_wrapper\"><a class=\"dm_link\" id=\"dm_image3\" data-count=\"3\" data-width=\"1200\" data-height=\"803\" data-ratio=\"1.494396014944\" data-thmb=\"https:\/\/pedrogajate.com\/wp-content\/uploads\/2017\/12\/DSC_0250-104x104.jpg\" data-type=\"image\" href=\"https:\/\/pedrogajate.com\/wp-content\/uploads\/2017\/12\/DSC_0250.jpg\" title=\"\"><div class=\"img_block\"><img class=\"img2preload\" data-title = \"\" data-caption = \"\"  data-title-color = \"\" data-caption-color = \"\"  data-img=\"https:\/\/pedrogajate.com\/wp-content\/uploads\/2017\/12\/DSC_0250.jpg\" src=\"https:\/\/pedrogajate.com\/wp-content\/uploads\/2017\/12\/DSC_0250-540x410.jpg\" alt=\"\" \/>\n\t\t\t\t\t\t\t\t\t\t\t<div class=\"gallery_fadder\"><\/div>\n\t\t\t\t\t\t\t\t\t\t\t<span class=\"plus_icon\"><\/span><\/div>\n\t\t\t\t\t\t\t\t\t<\/a>\n\t\t\t\t\t\t\t\t<\/div>\n\t\t\t\t\t\t\t<\/div>\n                        <\/div>\n                        \n                        <div class=\"gallery_item\">\n\t\t\t\t\t\t\t<div class=\"gallery_item_padding\">\n\t\t\t\t\t\t\t\t<div class=\"gallery_item_wrapper\"><a class=\"dm_link\" id=\"dm_image4\" data-count=\"4\" data-width=\"1200\" data-height=\"803\" data-ratio=\"1.494396014944\" data-thmb=\"https:\/\/pedrogajate.com\/wp-content\/uploads\/2017\/12\/DSC_0273-104x104.jpg\" data-type=\"image\" href=\"https:\/\/pedrogajate.com\/wp-content\/uploads\/2017\/12\/DSC_0273.jpg\" title=\"\"><div class=\"img_block\"><img class=\"img2preload\" data-title = \"\" data-caption = \"\"  data-title-color = \"\" data-caption-color = \"\"  data-img=\"https:\/\/pedrogajate.com\/wp-content\/uploads\/2017\/12\/DSC_0273.jpg\" src=\"https:\/\/pedrogajate.com\/wp-content\/uploads\/2017\/12\/DSC_0273-540x410.jpg\" alt=\"\" \/>\n\t\t\t\t\t\t\t\t\t\t\t<div class=\"gallery_fadder\"><\/div>\n\t\t\t\t\t\t\t\t\t\t\t<span class=\"plus_icon\"><\/span><\/div>\n\t\t\t\t\t\t\t\t\t<\/a>\n\t\t\t\t\t\t\t\t<\/div>\n\t\t\t\t\t\t\t<\/div>\n                        <\/div>\n                        \n                        <div class=\"gallery_item\">\n\t\t\t\t\t\t\t<div class=\"gallery_item_padding\">\n\t\t\t\t\t\t\t\t<div class=\"gallery_item_wrapper\"><a class=\"dm_link\" id=\"dm_image5\" data-count=\"5\" data-width=\"1200\" data-height=\"803\" data-ratio=\"1.494396014944\" data-thmb=\"https:\/\/pedrogajate.com\/wp-content\/uploads\/2017\/12\/DSC_0319-104x104.jpg\" data-type=\"image\" href=\"https:\/\/pedrogajate.com\/wp-content\/uploads\/2017\/12\/DSC_0319.jpg\" title=\"\"><div class=\"img_block\"><img class=\"img2preload\" data-title = \"\" data-caption = \"\"  data-title-color = \"\" data-caption-color = \"\"  data-img=\"https:\/\/pedrogajate.com\/wp-content\/uploads\/2017\/12\/DSC_0319.jpg\" src=\"https:\/\/pedrogajate.com\/wp-content\/uploads\/2017\/12\/DSC_0319-540x410.jpg\" alt=\"\" \/>\n\t\t\t\t\t\t\t\t\t\t\t<div class=\"gallery_fadder\"><\/div>\n\t\t\t\t\t\t\t\t\t\t\t<span class=\"plus_icon\"><\/span><\/div>\n\t\t\t\t\t\t\t\t\t<\/a>\n\t\t\t\t\t\t\t\t<\/div>\n\t\t\t\t\t\t\t<\/div>\n                        <\/div>\n                        \n                        <div class=\"gallery_item\">\n\t\t\t\t\t\t\t<div class=\"gallery_item_padding\">\n\t\t\t\t\t\t\t\t<div class=\"gallery_item_wrapper\"><a class=\"dm_link\" id=\"dm_image6\" data-count=\"6\" data-width=\"1200\" data-height=\"803\" data-ratio=\"1.494396014944\" data-thmb=\"https:\/\/pedrogajate.com\/wp-content\/uploads\/2017\/12\/DSC_0322-3-104x104.jpg\" data-type=\"image\" href=\"https:\/\/pedrogajate.com\/wp-content\/uploads\/2017\/12\/DSC_0322-3.jpg\" title=\"\"><div class=\"img_block\"><img class=\"img2preload\" data-title = \"\" data-caption = \"\"  data-title-color = \"\" data-caption-color = \"\"  data-img=\"https:\/\/pedrogajate.com\/wp-content\/uploads\/2017\/12\/DSC_0322-3.jpg\" src=\"https:\/\/pedrogajate.com\/wp-content\/uploads\/2017\/12\/DSC_0322-3-540x410.jpg\" alt=\"\" \/>\n\t\t\t\t\t\t\t\t\t\t\t<div class=\"gallery_fadder\"><\/div>\n\t\t\t\t\t\t\t\t\t\t\t<span class=\"plus_icon\"><\/span><\/div>\n\t\t\t\t\t\t\t\t\t<\/a>\n\t\t\t\t\t\t\t\t<\/div>\n\t\t\t\t\t\t\t<\/div>\n                        <\/div>\n                        \n                        <div class=\"gallery_item\">\n\t\t\t\t\t\t\t<div class=\"gallery_item_padding\">\n\t\t\t\t\t\t\t\t<div class=\"gallery_item_wrapper\"><a class=\"dm_link\" id=\"dm_image7\" data-count=\"7\" data-width=\"1200\" data-height=\"803\" data-ratio=\"1.494396014944\" data-thmb=\"https:\/\/pedrogajate.com\/wp-content\/uploads\/2017\/12\/DSC_0366-104x104.jpg\" data-type=\"image\" href=\"https:\/\/pedrogajate.com\/wp-content\/uploads\/2017\/12\/DSC_0366.jpg\" title=\"\"><div class=\"img_block\"><img class=\"img2preload\" data-title = \"\" data-caption = \"\"  data-title-color = \"\" data-caption-color = \"\"  data-img=\"https:\/\/pedrogajate.com\/wp-content\/uploads\/2017\/12\/DSC_0366.jpg\" src=\"https:\/\/pedrogajate.com\/wp-content\/uploads\/2017\/12\/DSC_0366-540x410.jpg\" alt=\"\" \/>\n\t\t\t\t\t\t\t\t\t\t\t<div class=\"gallery_fadder\"><\/div>\n\t\t\t\t\t\t\t\t\t\t\t<span class=\"plus_icon\"><\/span><\/div>\n\t\t\t\t\t\t\t\t\t<\/a>\n\t\t\t\t\t\t\t\t<\/div>\n\t\t\t\t\t\t\t<\/div>\n                        <\/div>\n                        \n                        <div class=\"gallery_item\">\n\t\t\t\t\t\t\t<div class=\"gallery_item_padding\">\n\t\t\t\t\t\t\t\t<div class=\"gallery_item_wrapper\"><a class=\"dm_link\" id=\"dm_image8\" data-count=\"8\" data-width=\"1200\" data-height=\"803\" data-ratio=\"1.494396014944\" data-thmb=\"https:\/\/pedrogajate.com\/wp-content\/uploads\/2017\/12\/DSC_0378-104x104.jpg\" data-type=\"image\" href=\"https:\/\/pedrogajate.com\/wp-content\/uploads\/2017\/12\/DSC_0378.jpg\" title=\"\"><div class=\"img_block\"><img class=\"img2preload\" data-title = \"\" data-caption = \"\"  data-title-color = \"\" data-caption-color = \"\"  data-img=\"https:\/\/pedrogajate.com\/wp-content\/uploads\/2017\/12\/DSC_0378.jpg\" src=\"https:\/\/pedrogajate.com\/wp-content\/uploads\/2017\/12\/DSC_0378-540x410.jpg\" alt=\"\" \/>\n\t\t\t\t\t\t\t\t\t\t\t<div class=\"gallery_fadder\"><\/div>\n\t\t\t\t\t\t\t\t\t\t\t<span class=\"plus_icon\"><\/span><\/div>\n\t\t\t\t\t\t\t\t\t<\/a>\n\t\t\t\t\t\t\t\t<\/div>\n\t\t\t\t\t\t\t<\/div>\n                        <\/div>\n                        \n                        <div class=\"gallery_item\">\n\t\t\t\t\t\t\t<div class=\"gallery_item_padding\">\n\t\t\t\t\t\t\t\t<div class=\"gallery_item_wrapper\"><a class=\"dm_link\" id=\"dm_image9\" data-count=\"9\" data-width=\"1200\" data-height=\"900\" data-ratio=\"1.3333333333333\" data-thmb=\"https:\/\/pedrogajate.com\/wp-content\/uploads\/2017\/12\/IMG_20160220_171312-104x104.jpg\" data-type=\"image\" href=\"https:\/\/pedrogajate.com\/wp-content\/uploads\/2017\/12\/IMG_20160220_171312.jpg\" title=\"\"><div class=\"img_block\"><img class=\"img2preload\" data-title = \"\" data-caption = \"\"  data-title-color = \"\" data-caption-color = \"\"  data-img=\"https:\/\/pedrogajate.com\/wp-content\/uploads\/2017\/12\/IMG_20160220_171312.jpg\" src=\"https:\/\/pedrogajate.com\/wp-content\/uploads\/2017\/12\/IMG_20160220_171312-540x410.jpg\" alt=\"\" \/>\n\t\t\t\t\t\t\t\t\t\t\t<div class=\"gallery_fadder\"><\/div>\n\t\t\t\t\t\t\t\t\t\t\t<span class=\"plus_icon\"><\/span><\/div>\n\t\t\t\t\t\t\t\t\t<\/a>\n\t\t\t\t\t\t\t\t<\/div>\n\t\t\t\t\t\t\t<\/div>\n                        <\/div>\n                        \n                        <div class=\"gallery_item\">\n\t\t\t\t\t\t\t<div class=\"gallery_item_padding\">\n\t\t\t\t\t\t\t\t<div class=\"gallery_item_wrapper\"><a class=\"dm_link\" id=\"dm_image10\" data-count=\"10\" data-width=\"1200\" data-height=\"900\" data-ratio=\"1.3333333333333\" data-thmb=\"https:\/\/pedrogajate.com\/wp-content\/uploads\/2017\/12\/IMG_20160806_202857-2-104x104.jpg\" data-type=\"image\" href=\"https:\/\/pedrogajate.com\/wp-content\/uploads\/2017\/12\/IMG_20160806_202857-2.jpg\" title=\"\"><div class=\"img_block\"><img class=\"img2preload\" data-title = \"\" data-caption = \"\"  data-title-color = \"\" data-caption-color = \"\"  data-img=\"https:\/\/pedrogajate.com\/wp-content\/uploads\/2017\/12\/IMG_20160806_202857-2.jpg\" src=\"https:\/\/pedrogajate.com\/wp-content\/uploads\/2017\/12\/IMG_20160806_202857-2-540x410.jpg\" alt=\"\" \/>\n\t\t\t\t\t\t\t\t\t\t\t<div class=\"gallery_fadder\"><\/div>\n\t\t\t\t\t\t\t\t\t\t\t<span class=\"plus_icon\"><\/span><\/div>\n\t\t\t\t\t\t\t\t\t<\/a>\n\t\t\t\t\t\t\t\t<\/div>\n\t\t\t\t\t\t\t<\/div>\n                        <\/div>\n                        \n                        <div class=\"gallery_item\">\n\t\t\t\t\t\t\t<div class=\"gallery_item_padding\">\n\t\t\t\t\t\t\t\t<div class=\"gallery_item_wrapper\"><a class=\"dm_link\" id=\"dm_image11\" data-count=\"11\" data-width=\"1200\" data-height=\"900\" data-ratio=\"1.3333333333333\" data-thmb=\"https:\/\/pedrogajate.com\/wp-content\/uploads\/2017\/12\/IMG_20161022_120938-2-104x104.jpg\" data-type=\"image\" href=\"https:\/\/pedrogajate.com\/wp-content\/uploads\/2017\/12\/IMG_20161022_120938-2.jpg\" title=\"\"><div class=\"img_block\"><img class=\"img2preload\" data-title = \"\" data-caption = \"\"  data-title-color = \"\" data-caption-color = \"\"  data-img=\"https:\/\/pedrogajate.com\/wp-content\/uploads\/2017\/12\/IMG_20161022_120938-2.jpg\" src=\"https:\/\/pedrogajate.com\/wp-content\/uploads\/2017\/12\/IMG_20161022_120938-2-540x410.jpg\" alt=\"\" \/>\n\t\t\t\t\t\t\t\t\t\t\t<div class=\"gallery_fadder\"><\/div>\n\t\t\t\t\t\t\t\t\t\t\t<span class=\"plus_icon\"><\/span><\/div>\n\t\t\t\t\t\t\t\t\t<\/a>\n\t\t\t\t\t\t\t\t<\/div>\n\t\t\t\t\t\t\t<\/div>\n                        <\/div>\n                        \n                        <div class=\"gallery_item\">\n\t\t\t\t\t\t\t<div class=\"gallery_item_padding\">\n\t\t\t\t\t\t\t\t<div class=\"gallery_item_wrapper\"><a class=\"dm_link\" id=\"dm_image12\" data-count=\"12\" data-width=\"1200\" data-height=\"900\" data-ratio=\"1.3333333333333\" data-thmb=\"https:\/\/pedrogajate.com\/wp-content\/uploads\/2017\/12\/IMG_20161022_122621-104x104.jpg\" data-type=\"image\" href=\"https:\/\/pedrogajate.com\/wp-content\/uploads\/2017\/12\/IMG_20161022_122621.jpg\" title=\"\"><div class=\"img_block\"><img class=\"img2preload\" data-title = \"\" data-caption = \"\"  data-title-color = \"\" data-caption-color = \"\"  data-img=\"https:\/\/pedrogajate.com\/wp-content\/uploads\/2017\/12\/IMG_20161022_122621.jpg\" src=\"https:\/\/pedrogajate.com\/wp-content\/uploads\/2017\/12\/IMG_20161022_122621-540x410.jpg\" alt=\"\" \/>\n\t\t\t\t\t\t\t\t\t\t\t<div class=\"gallery_fadder\"><\/div>\n\t\t\t\t\t\t\t\t\t\t\t<span class=\"plus_icon\"><\/span><\/div>\n\t\t\t\t\t\t\t\t\t<\/a>\n\t\t\t\t\t\t\t\t<\/div>\n\t\t\t\t\t\t\t<\/div>\n                        <\/div>\n                        \n                        <div class=\"gallery_item\">\n\t\t\t\t\t\t\t<div class=\"gallery_item_padding\">\n\t\t\t\t\t\t\t\t<div class=\"gallery_item_wrapper\"><a class=\"dm_link\" id=\"dm_image13\" data-count=\"13\" data-width=\"1200\" data-height=\"675\" data-ratio=\"1.7777777777778\" data-thmb=\"https:\/\/pedrogajate.com\/wp-content\/uploads\/2017\/12\/IMG-20160710-WA0003-2-104x104.jpg\" data-type=\"image\" href=\"https:\/\/pedrogajate.com\/wp-content\/uploads\/2017\/12\/IMG-20160710-WA0003-2.jpg\" title=\"\"><div class=\"img_block\"><img class=\"img2preload\" data-title = \"\" data-caption = \"\"  data-title-color = \"\" data-caption-color = \"\"  data-img=\"https:\/\/pedrogajate.com\/wp-content\/uploads\/2017\/12\/IMG-20160710-WA0003-2.jpg\" src=\"https:\/\/pedrogajate.com\/wp-content\/uploads\/2017\/12\/IMG-20160710-WA0003-2-540x410.jpg\" alt=\"\" \/>\n\t\t\t\t\t\t\t\t\t\t\t<div class=\"gallery_fadder\"><\/div>\n\t\t\t\t\t\t\t\t\t\t\t<span class=\"plus_icon\"><\/span><\/div>\n\t\t\t\t\t\t\t\t\t<\/a>\n\t\t\t\t\t\t\t\t<\/div>\n\t\t\t\t\t\t\t<\/div>\n                        <\/div>\n                        \n                        <div class=\"gallery_item\">\n\t\t\t\t\t\t\t<div class=\"gallery_item_padding\">\n\t\t\t\t\t\t\t\t<div class=\"gallery_item_wrapper\"><a class=\"dm_link\" id=\"dm_image14\" data-count=\"14\" data-width=\"800\" data-height=\"1067\" data-ratio=\"0.74976569821931\" data-thmb=\"https:\/\/pedrogajate.com\/wp-content\/uploads\/2017\/12\/\u00b5lamos_blancos_1-104x104.jpg\" data-type=\"image\" href=\"https:\/\/pedrogajate.com\/wp-content\/uploads\/2017\/12\/\u00b5lamos_blancos_1.jpg\" title=\"\"><div class=\"img_block\"><img class=\"img2preload\" data-title = \"\" data-caption = \"\"  data-title-color = \"\" data-caption-color = \"\"  data-img=\"https:\/\/pedrogajate.com\/wp-content\/uploads\/2017\/12\/\u00b5lamos_blancos_1.jpg\" src=\"https:\/\/pedrogajate.com\/wp-content\/uploads\/2017\/12\/\u00b5lamos_blancos_1-540x410.jpg\" alt=\"\" \/>\n\t\t\t\t\t\t\t\t\t\t\t<div class=\"gallery_fadder\"><\/div>\n\t\t\t\t\t\t\t\t\t\t\t<span class=\"plus_icon\"><\/span><\/div>\n\t\t\t\t\t\t\t\t\t<\/a>\n\t\t\t\t\t\t\t\t<\/div>\n\t\t\t\t\t\t\t<\/div>\n                        <\/div>\n                        \n                        <div class=\"gallery_item\">\n\t\t\t\t\t\t\t<div class=\"gallery_item_padding\">\n\t\t\t\t\t\t\t\t<div class=\"gallery_item_wrapper\"><a class=\"dm_link\" id=\"dm_image15\" data-count=\"15\" data-width=\"800\" data-height=\"1067\" data-ratio=\"0.74976569821931\" data-thmb=\"https:\/\/pedrogajate.com\/wp-content\/uploads\/2017\/12\/\u00b5lamos_blancos_2-104x104.jpg\" data-type=\"image\" href=\"https:\/\/pedrogajate.com\/wp-content\/uploads\/2017\/12\/\u00b5lamos_blancos_2.jpg\" title=\"\"><div class=\"img_block\"><img class=\"img2preload\" data-title = \"\" data-caption = \"\"  data-title-color = \"\" data-caption-color = \"\"  data-img=\"https:\/\/pedrogajate.com\/wp-content\/uploads\/2017\/12\/\u00b5lamos_blancos_2.jpg\" src=\"https:\/\/pedrogajate.com\/wp-content\/uploads\/2017\/12\/\u00b5lamos_blancos_2-540x410.jpg\" alt=\"\" \/>\n\t\t\t\t\t\t\t\t\t\t\t<div class=\"gallery_fadder\"><\/div>\n\t\t\t\t\t\t\t\t\t\t\t<span class=\"plus_icon\"><\/span><\/div>\n\t\t\t\t\t\t\t\t\t<\/a>\n\t\t\t\t\t\t\t\t<\/div>\n\t\t\t\t\t\t\t<\/div>\n                        <\/div>\n                        \n                        <div class=\"gallery_item\">\n\t\t\t\t\t\t\t<div class=\"gallery_item_padding\">\n\t\t\t\t\t\t\t\t<div class=\"gallery_item_wrapper\"><a class=\"dm_link\" id=\"dm_image16\" data-count=\"16\" data-width=\"800\" data-height=\"1067\" data-ratio=\"0.74976569821931\" data-thmb=\"https:\/\/pedrogajate.com\/wp-content\/uploads\/2017\/12\/\u00b5lamos_blancos_3-104x104.jpg\" data-type=\"image\" href=\"https:\/\/pedrogajate.com\/wp-content\/uploads\/2017\/12\/\u00b5lamos_blancos_3.jpg\" title=\"\"><div class=\"img_block\"><img class=\"img2preload\" data-title = \"\" data-caption = \"\"  data-title-color = \"\" data-caption-color = \"\"  data-img=\"https:\/\/pedrogajate.com\/wp-content\/uploads\/2017\/12\/\u00b5lamos_blancos_3.jpg\" src=\"https:\/\/pedrogajate.com\/wp-content\/uploads\/2017\/12\/\u00b5lamos_blancos_3-540x410.jpg\" alt=\"\" \/>\n\t\t\t\t\t\t\t\t\t\t\t<div class=\"gallery_fadder\"><\/div>\n\t\t\t\t\t\t\t\t\t\t\t<span class=\"plus_icon\"><\/span><\/div>\n\t\t\t\t\t\t\t\t\t<\/a>\n\t\t\t\t\t\t\t\t<\/div>\n\t\t\t\t\t\t\t<\/div>\n                        <\/div>\n                        \n            <div class='clear'><\/div>\n            <\/div>\n            <\/div><!-- .module_cont --><\/div>","protected":false},"excerpt":{"rendered":"<p>Los \u00c1lamos Blancos La finca Los \u00c1lamos Blancos se encuentra en el t\u00e9rmino municipal de Sobradillo, en la penillanura de las arribes del \u00c1gueda, a una altitud media de 630 m sobre el nivel del mar. Tiene suelos poco profundos \u00a0protegidos de la erosi\u00f3n mediante las paredes tradicionales de piedra. Los prados y bancales que la forman son un claro ejemplo de la orograf\u00eda t\u00edpica de la penillanura de las arribes del \u00c1gueda. Tiene una superficie de casi 10 hect\u00e1reas, dividida en monte, pastos y prados. \u00a0La masa arbolada est\u00e1 formada principalmente por especies del g\u00e9nero quercus, encina y roble. La actividad agr\u00edcola de la finca se basa en el cultivo en secano de la vid, el olivo y el almendro. La vi\u00f1a est\u00e1 situada a una altitud de 650m y tiene una superficie de 3800m2. Suelo con una profundidad efectiva de media de 70cm aunque en algunos puntos las afloraciones de roca son visibles, de textura franco arenosa con bajo contenido en materia org\u00e1nica y ligeramente \u00e1cidos debido a la roca predominante, \u00a0el granito.<\/p>\n","protected":false},"author":1,"featured_media":202,"parent":26,"menu_order":0,"comment_status":"closed","ping_status":"closed","template":"page-center.php","meta":[],"_links":{"self":[{"href":"https:\/\/pedrogajate.com\/index.php?rest_route=\/wp\/v2\/pages\/74"}],"collection":[{"href":"https:\/\/pedrogajate.com\/index.php?rest_route=\/wp\/v2\/pages"}],"about":[{"href":"https:\/\/pedrogajate.com\/index.php?rest_route=\/wp\/v2\/types\/page"}],"author":[{"embeddable":true,"href":"https:\/\/pedrogajate.com\/index.php?rest_route=\/wp\/v2\/users\/1"}],"replies":[{"embeddable":true,"href":"https:\/\/pedrogajate.com\/index.php?rest_route=%2Fwp%2Fv2%2Fcomments&post=74"}],"version-history":[{"count":5,"href":"https:\/\/pedrogajate.com\/index.php?rest_route=\/wp\/v2\/pages\/74\/revisions"}],"predecessor-version":[{"id":275,"href":"https:\/\/pedrogajate.com\/index.php?rest_route=\/wp\/v2\/pages\/74\/revisions\/275"}],"up":[{"embeddable":true,"href":"https:\/\/pedrogajate.com\/index.php?rest_route=\/wp\/v2\/pages\/26"}],"wp:featuredmedia":[{"embeddable":true,"href":"https:\/\/pedrogajate.com\/index.php?rest_route=\/wp\/v2\/media\/202"}],"wp:attachment":[{"href":"https:\/\/pedrogajate.com\/index.php?rest_route=%2Fwp%2Fv2%2Fmedia&parent=74"}],"curies":[{"name":"wp","href":"https:\/\/api.w.org\/{rel}","templated":true}]}}