{"id":59,"date":"2017-08-30T20:12:06","date_gmt":"2017-08-30T20:12:06","guid":{"rendered":"http:\/\/pedrogajate.com\/?page_id=59"},"modified":"2018-05-07T21:20:07","modified_gmt":"2018-05-07T19:20:07","slug":"fuente-borrego","status":"publish","type":"page","link":"https:\/\/pedrogajate.com\/?page_id=59","title":{"rendered":"La Fuente Borrego"},"content":{"rendered":"<div class='row'><div style='padding-bottom:35px;' class='span12 first-module module_number_1 module_cont  module_content'><div class='module_content'><h2>La Fuente Borrego<\/h2><br \/>\n<p class=\"p1\">La finca La Fuente Borrego se encuentra en el t\u00e9rmino municipal de Sobradillo, en el paraje local conocido como \u201cVi\u00f1a Nueva\u201d, a una altitud media de 635 m sobre el nivel del mar. Tiene suelos variables, la zona colindante al arroyo malla se compone de materiales aluviales, siendo profundo y pedregoso. Al alejarse del arroyo aparecen suelos formados por rocas metam\u00f3rficas (esquistos y granitos) con textura franco-arcillosa o franco-arenosa.<\/p><br \/>\n<p class=\"p1\">Tiene una superficie de casi 3 hect\u00e1reas, dividida en monte, pastos y prados. \u00a0La masa arbolada est\u00e1 formada principalmente por especies del g\u00e9nero quercus, encina y roble. La actividad agr\u00edcola de la finca se basa en el cultivo en secano de la vid, el olivo, el almendro y frutales varios.<\/p><br \/>\n<p class=\"p1\">La vi\u00f1a est\u00e1 situada en una ladera hacia el arroyo Malla a una altitud media de 625m y tiene una superficie de 4200m<span class=\"s1\"><sup>2<\/sup><\/span>. Formada por suelos profundos de textura franco arcillosa en la parte alta \u00a0y suelos menos profundos con materiales m\u00e1s gruesos (cantos) en la baja.<\/p><br \/>\n&nbsp;<\/div><\/div><!-- .module_cont --><\/div><div class='row'><div style='padding-bottom:35px;' class='span12  module_number_2 module_cont  module_gallery'><div class='dm_lightbox_only list-of-images images_in_a_row_4'>\n                        <div class=\"gallery_item\">\n\t\t\t\t\t\t\t<div class=\"gallery_item_padding\">\n\t\t\t\t\t\t\t\t<div class=\"gallery_item_wrapper\"><a class=\"dm_link\" id=\"dm_image1\" data-count=\"1\" data-width=\"1200\" data-height=\"900\" data-ratio=\"1.3333333333333\" data-thmb=\"https:\/\/pedrogajate.com\/wp-content\/uploads\/2017\/08\/20140222_182623-104x104.jpg\" data-type=\"image\" href=\"https:\/\/pedrogajate.com\/wp-content\/uploads\/2017\/08\/20140222_182623.jpg\" title=\"\"><div class=\"img_block\"><img class=\"img2preload\" data-title = \"\" data-caption = \"\"  data-title-color = \"\" data-caption-color = \"\"  data-img=\"https:\/\/pedrogajate.com\/wp-content\/uploads\/2017\/08\/20140222_182623.jpg\" src=\"https:\/\/pedrogajate.com\/wp-content\/uploads\/2017\/08\/20140222_182623-540x410.jpg\" alt=\"\" \/>\n\t\t\t\t\t\t\t\t\t\t\t<div class=\"gallery_fadder\"><\/div>\n\t\t\t\t\t\t\t\t\t\t\t<span class=\"plus_icon\"><\/span><\/div>\n\t\t\t\t\t\t\t\t\t<\/a>\n\t\t\t\t\t\t\t\t<\/div>\n\t\t\t\t\t\t\t<\/div>\n                        <\/div>\n                        \n                        <div class=\"gallery_item\">\n\t\t\t\t\t\t\t<div class=\"gallery_item_padding\">\n\t\t\t\t\t\t\t\t<div class=\"gallery_item_wrapper\"><a class=\"dm_link\" id=\"dm_image2\" data-count=\"2\" data-width=\"1200\" data-height=\"675\" data-ratio=\"1.7777777777778\" data-thmb=\"https:\/\/pedrogajate.com\/wp-content\/uploads\/2017\/08\/20140302_110408-104x104.jpg\" data-type=\"image\" href=\"https:\/\/pedrogajate.com\/wp-content\/uploads\/2017\/08\/20140302_110408.jpg\" title=\"\"><div class=\"img_block\"><img class=\"img2preload\" data-title = \"\" data-caption = \"\"  data-title-color = \"\" data-caption-color = \"\"  data-img=\"https:\/\/pedrogajate.com\/wp-content\/uploads\/2017\/08\/20140302_110408.jpg\" src=\"https:\/\/pedrogajate.com\/wp-content\/uploads\/2017\/08\/20140302_110408-540x410.jpg\" alt=\"\" \/>\n\t\t\t\t\t\t\t\t\t\t\t<div class=\"gallery_fadder\"><\/div>\n\t\t\t\t\t\t\t\t\t\t\t<span class=\"plus_icon\"><\/span><\/div>\n\t\t\t\t\t\t\t\t\t<\/a>\n\t\t\t\t\t\t\t\t<\/div>\n\t\t\t\t\t\t\t<\/div>\n                        <\/div>\n                        \n                        <div class=\"gallery_item\">\n\t\t\t\t\t\t\t<div class=\"gallery_item_padding\">\n\t\t\t\t\t\t\t\t<div class=\"gallery_item_wrapper\"><a class=\"dm_link\" id=\"dm_image3\" data-count=\"3\" data-width=\"1200\" data-height=\"675\" data-ratio=\"1.7777777777778\" data-thmb=\"https:\/\/pedrogajate.com\/wp-content\/uploads\/2017\/08\/20140725_210857-1-104x104.jpg\" data-type=\"image\" href=\"https:\/\/pedrogajate.com\/wp-content\/uploads\/2017\/08\/20140725_210857-1.jpg\" title=\"\"><div class=\"img_block\"><img class=\"img2preload\" data-title = \"\" data-caption = \"\"  data-title-color = \"\" data-caption-color = \"\"  data-img=\"https:\/\/pedrogajate.com\/wp-content\/uploads\/2017\/08\/20140725_210857-1.jpg\" src=\"https:\/\/pedrogajate.com\/wp-content\/uploads\/2017\/08\/20140725_210857-1-540x410.jpg\" alt=\"\" \/>\n\t\t\t\t\t\t\t\t\t\t\t<div class=\"gallery_fadder\"><\/div>\n\t\t\t\t\t\t\t\t\t\t\t<span class=\"plus_icon\"><\/span><\/div>\n\t\t\t\t\t\t\t\t\t<\/a>\n\t\t\t\t\t\t\t\t<\/div>\n\t\t\t\t\t\t\t<\/div>\n                        <\/div>\n                        \n                        <div class=\"gallery_item\">\n\t\t\t\t\t\t\t<div class=\"gallery_item_padding\">\n\t\t\t\t\t\t\t\t<div class=\"gallery_item_wrapper\"><a class=\"dm_link\" id=\"dm_image4\" data-count=\"4\" data-width=\"1200\" data-height=\"675\" data-ratio=\"1.7777777777778\" data-thmb=\"https:\/\/pedrogajate.com\/wp-content\/uploads\/2017\/08\/20150102_114814-1-104x104.jpg\" data-type=\"image\" href=\"https:\/\/pedrogajate.com\/wp-content\/uploads\/2017\/08\/20150102_114814-1.jpg\" title=\"\"><div class=\"img_block\"><img class=\"img2preload\" data-title = \"\" data-caption = \"\"  data-title-color = \"\" data-caption-color = \"\"  data-img=\"https:\/\/pedrogajate.com\/wp-content\/uploads\/2017\/08\/20150102_114814-1.jpg\" src=\"https:\/\/pedrogajate.com\/wp-content\/uploads\/2017\/08\/20150102_114814-1-540x410.jpg\" alt=\"\" \/>\n\t\t\t\t\t\t\t\t\t\t\t<div class=\"gallery_fadder\"><\/div>\n\t\t\t\t\t\t\t\t\t\t\t<span class=\"plus_icon\"><\/span><\/div>\n\t\t\t\t\t\t\t\t\t<\/a>\n\t\t\t\t\t\t\t\t<\/div>\n\t\t\t\t\t\t\t<\/div>\n                        <\/div>\n                        \n                        <div class=\"gallery_item\">\n\t\t\t\t\t\t\t<div class=\"gallery_item_padding\">\n\t\t\t\t\t\t\t\t<div class=\"gallery_item_wrapper\"><a class=\"dm_link\" id=\"dm_image5\" data-count=\"5\" data-width=\"1200\" data-height=\"2133\" data-ratio=\"0.56258790436006\" data-thmb=\"https:\/\/pedrogajate.com\/wp-content\/uploads\/2017\/08\/20150207_125747-104x104.jpg\" data-type=\"image\" href=\"https:\/\/pedrogajate.com\/wp-content\/uploads\/2017\/08\/20150207_125747.jpg\" title=\"\"><div class=\"img_block\"><img class=\"img2preload\" data-title = \"\" data-caption = \"\"  data-title-color = \"\" data-caption-color = \"\"  data-img=\"https:\/\/pedrogajate.com\/wp-content\/uploads\/2017\/08\/20150207_125747.jpg\" src=\"https:\/\/pedrogajate.com\/wp-content\/uploads\/2017\/08\/20150207_125747-540x410.jpg\" alt=\"\" \/>\n\t\t\t\t\t\t\t\t\t\t\t<div class=\"gallery_fadder\"><\/div>\n\t\t\t\t\t\t\t\t\t\t\t<span class=\"plus_icon\"><\/span><\/div>\n\t\t\t\t\t\t\t\t\t<\/a>\n\t\t\t\t\t\t\t\t<\/div>\n\t\t\t\t\t\t\t<\/div>\n                        <\/div>\n                        \n                        <div class=\"gallery_item\">\n\t\t\t\t\t\t\t<div class=\"gallery_item_padding\">\n\t\t\t\t\t\t\t\t<div class=\"gallery_item_wrapper\"><a class=\"dm_link\" id=\"dm_image6\" data-count=\"6\" data-width=\"1200\" data-height=\"675\" data-ratio=\"1.7777777777778\" data-thmb=\"https:\/\/pedrogajate.com\/wp-content\/uploads\/2017\/08\/20150208_113503-2-104x104.jpg\" data-type=\"image\" href=\"https:\/\/pedrogajate.com\/wp-content\/uploads\/2017\/08\/20150208_113503-2.jpg\" title=\"\"><div class=\"img_block\"><img class=\"img2preload\" data-title = \"\" data-caption = \"\"  data-title-color = \"\" data-caption-color = \"\"  data-img=\"https:\/\/pedrogajate.com\/wp-content\/uploads\/2017\/08\/20150208_113503-2.jpg\" src=\"https:\/\/pedrogajate.com\/wp-content\/uploads\/2017\/08\/20150208_113503-2-540x410.jpg\" alt=\"\" \/>\n\t\t\t\t\t\t\t\t\t\t\t<div class=\"gallery_fadder\"><\/div>\n\t\t\t\t\t\t\t\t\t\t\t<span class=\"plus_icon\"><\/span><\/div>\n\t\t\t\t\t\t\t\t\t<\/a>\n\t\t\t\t\t\t\t\t<\/div>\n\t\t\t\t\t\t\t<\/div>\n                        <\/div>\n                        \n                        <div class=\"gallery_item\">\n\t\t\t\t\t\t\t<div class=\"gallery_item_padding\">\n\t\t\t\t\t\t\t\t<div class=\"gallery_item_wrapper\"><a class=\"dm_link\" id=\"dm_image7\" data-count=\"7\" data-width=\"1200\" data-height=\"675\" data-ratio=\"1.7777777777778\" data-thmb=\"https:\/\/pedrogajate.com\/wp-content\/uploads\/2017\/08\/20170701_183207-104x104.jpg\" data-type=\"image\" href=\"https:\/\/pedrogajate.com\/wp-content\/uploads\/2017\/08\/20170701_183207.jpg\" title=\"\"><div class=\"img_block\"><img class=\"img2preload\" data-title = \"\" data-caption = \"\"  data-title-color = \"\" data-caption-color = \"\"  data-img=\"https:\/\/pedrogajate.com\/wp-content\/uploads\/2017\/08\/20170701_183207.jpg\" src=\"https:\/\/pedrogajate.com\/wp-content\/uploads\/2017\/08\/20170701_183207-540x410.jpg\" alt=\"\" \/>\n\t\t\t\t\t\t\t\t\t\t\t<div class=\"gallery_fadder\"><\/div>\n\t\t\t\t\t\t\t\t\t\t\t<span class=\"plus_icon\"><\/span><\/div>\n\t\t\t\t\t\t\t\t\t<\/a>\n\t\t\t\t\t\t\t\t<\/div>\n\t\t\t\t\t\t\t<\/div>\n                        <\/div>\n                        \n                        <div class=\"gallery_item\">\n\t\t\t\t\t\t\t<div class=\"gallery_item_padding\">\n\t\t\t\t\t\t\t\t<div class=\"gallery_item_wrapper\"><a class=\"dm_link\" id=\"dm_image8\" data-count=\"8\" data-width=\"1200\" data-height=\"803\" data-ratio=\"1.494396014944\" data-thmb=\"https:\/\/pedrogajate.com\/wp-content\/uploads\/2017\/08\/DSC_0178-104x104.jpg\" data-type=\"image\" href=\"https:\/\/pedrogajate.com\/wp-content\/uploads\/2017\/08\/DSC_0178.jpg\" title=\"\"><div class=\"img_block\"><img class=\"img2preload\" data-title = \"\" data-caption = \"\"  data-title-color = \"\" data-caption-color = \"\"  data-img=\"https:\/\/pedrogajate.com\/wp-content\/uploads\/2017\/08\/DSC_0178.jpg\" src=\"https:\/\/pedrogajate.com\/wp-content\/uploads\/2017\/08\/DSC_0178-540x410.jpg\" alt=\"\" \/>\n\t\t\t\t\t\t\t\t\t\t\t<div class=\"gallery_fadder\"><\/div>\n\t\t\t\t\t\t\t\t\t\t\t<span class=\"plus_icon\"><\/span><\/div>\n\t\t\t\t\t\t\t\t\t<\/a>\n\t\t\t\t\t\t\t\t<\/div>\n\t\t\t\t\t\t\t<\/div>\n                        <\/div>\n                        \n                        <div class=\"gallery_item\">\n\t\t\t\t\t\t\t<div class=\"gallery_item_padding\">\n\t\t\t\t\t\t\t\t<div class=\"gallery_item_wrapper\"><a class=\"dm_link\" id=\"dm_image9\" data-count=\"9\" data-width=\"1200\" data-height=\"803\" data-ratio=\"1.494396014944\" data-thmb=\"https:\/\/pedrogajate.com\/wp-content\/uploads\/2017\/08\/DSC_0206-104x104.jpg\" data-type=\"image\" href=\"https:\/\/pedrogajate.com\/wp-content\/uploads\/2017\/08\/DSC_0206.jpg\" title=\"\"><div class=\"img_block\"><img class=\"img2preload\" data-title = \"\" data-caption = \"\"  data-title-color = \"\" data-caption-color = \"\"  data-img=\"https:\/\/pedrogajate.com\/wp-content\/uploads\/2017\/08\/DSC_0206.jpg\" src=\"https:\/\/pedrogajate.com\/wp-content\/uploads\/2017\/08\/DSC_0206-540x410.jpg\" alt=\"\" \/>\n\t\t\t\t\t\t\t\t\t\t\t<div class=\"gallery_fadder\"><\/div>\n\t\t\t\t\t\t\t\t\t\t\t<span class=\"plus_icon\"><\/span><\/div>\n\t\t\t\t\t\t\t\t\t<\/a>\n\t\t\t\t\t\t\t\t<\/div>\n\t\t\t\t\t\t\t<\/div>\n                        <\/div>\n                        \n                        <div class=\"gallery_item\">\n\t\t\t\t\t\t\t<div class=\"gallery_item_padding\">\n\t\t\t\t\t\t\t\t<div class=\"gallery_item_wrapper\"><a class=\"dm_link\" id=\"dm_image10\" data-count=\"10\" data-width=\"1200\" data-height=\"803\" data-ratio=\"1.494396014944\" data-thmb=\"https:\/\/pedrogajate.com\/wp-content\/uploads\/2017\/08\/DSC_0213-104x104.jpg\" data-type=\"image\" href=\"https:\/\/pedrogajate.com\/wp-content\/uploads\/2017\/08\/DSC_0213.jpg\" title=\"\"><div class=\"img_block\"><img class=\"img2preload\" data-title = \"\" data-caption = \"\"  data-title-color = \"\" data-caption-color = \"\"  data-img=\"https:\/\/pedrogajate.com\/wp-content\/uploads\/2017\/08\/DSC_0213.jpg\" src=\"https:\/\/pedrogajate.com\/wp-content\/uploads\/2017\/08\/DSC_0213-540x410.jpg\" alt=\"\" \/>\n\t\t\t\t\t\t\t\t\t\t\t<div class=\"gallery_fadder\"><\/div>\n\t\t\t\t\t\t\t\t\t\t\t<span class=\"plus_icon\"><\/span><\/div>\n\t\t\t\t\t\t\t\t\t<\/a>\n\t\t\t\t\t\t\t\t<\/div>\n\t\t\t\t\t\t\t<\/div>\n                        <\/div>\n                        \n                        <div class=\"gallery_item\">\n\t\t\t\t\t\t\t<div class=\"gallery_item_padding\">\n\t\t\t\t\t\t\t\t<div class=\"gallery_item_wrapper\"><a class=\"dm_link\" id=\"dm_image11\" data-count=\"11\" data-width=\"1200\" data-height=\"900\" data-ratio=\"1.3333333333333\" data-thmb=\"https:\/\/pedrogajate.com\/wp-content\/uploads\/2017\/08\/IMG_20160219_120255-104x104.jpg\" data-type=\"image\" href=\"https:\/\/pedrogajate.com\/wp-content\/uploads\/2017\/08\/IMG_20160219_120255.jpg\" title=\"\"><div class=\"img_block\"><img class=\"img2preload\" data-title = \"\" data-caption = \"\"  data-title-color = \"\" data-caption-color = \"\"  data-img=\"https:\/\/pedrogajate.com\/wp-content\/uploads\/2017\/08\/IMG_20160219_120255.jpg\" src=\"https:\/\/pedrogajate.com\/wp-content\/uploads\/2017\/08\/IMG_20160219_120255-540x410.jpg\" alt=\"\" \/>\n\t\t\t\t\t\t\t\t\t\t\t<div class=\"gallery_fadder\"><\/div>\n\t\t\t\t\t\t\t\t\t\t\t<span class=\"plus_icon\"><\/span><\/div>\n\t\t\t\t\t\t\t\t\t<\/a>\n\t\t\t\t\t\t\t\t<\/div>\n\t\t\t\t\t\t\t<\/div>\n                        <\/div>\n                        \n                        <div class=\"gallery_item\">\n\t\t\t\t\t\t\t<div class=\"gallery_item_padding\">\n\t\t\t\t\t\t\t\t<div class=\"gallery_item_wrapper\"><a class=\"dm_link\" id=\"dm_image12\" data-count=\"12\" data-width=\"1200\" data-height=\"900\" data-ratio=\"1.3333333333333\" data-thmb=\"https:\/\/pedrogajate.com\/wp-content\/uploads\/2017\/08\/IMG_20160703_101634-1-104x104.jpg\" data-type=\"image\" href=\"https:\/\/pedrogajate.com\/wp-content\/uploads\/2017\/08\/IMG_20160703_101634-1.jpg\" title=\"\"><div class=\"img_block\"><img class=\"img2preload\" data-title = \"\" data-caption = \"\"  data-title-color = \"\" data-caption-color = \"\"  data-img=\"https:\/\/pedrogajate.com\/wp-content\/uploads\/2017\/08\/IMG_20160703_101634-1.jpg\" src=\"https:\/\/pedrogajate.com\/wp-content\/uploads\/2017\/08\/IMG_20160703_101634-1-540x410.jpg\" alt=\"\" \/>\n\t\t\t\t\t\t\t\t\t\t\t<div class=\"gallery_fadder\"><\/div>\n\t\t\t\t\t\t\t\t\t\t\t<span class=\"plus_icon\"><\/span><\/div>\n\t\t\t\t\t\t\t\t\t<\/a>\n\t\t\t\t\t\t\t\t<\/div>\n\t\t\t\t\t\t\t<\/div>\n                        <\/div>\n                        \n                        <div class=\"gallery_item\">\n\t\t\t\t\t\t\t<div class=\"gallery_item_padding\">\n\t\t\t\t\t\t\t\t<div class=\"gallery_item_wrapper\"><a class=\"dm_link\" id=\"dm_image13\" data-count=\"13\" data-width=\"1200\" data-height=\"2133\" data-ratio=\"0.56258790436006\" data-thmb=\"https:\/\/pedrogajate.com\/wp-content\/uploads\/2017\/08\/IMG_20170414_084828-104x104.jpg\" data-type=\"image\" href=\"https:\/\/pedrogajate.com\/wp-content\/uploads\/2017\/08\/IMG_20170414_084828.jpg\" title=\"\"><div class=\"img_block\"><img class=\"img2preload\" data-title = \"\" data-caption = \"\"  data-title-color = \"\" data-caption-color = \"\"  data-img=\"https:\/\/pedrogajate.com\/wp-content\/uploads\/2017\/08\/IMG_20170414_084828.jpg\" src=\"https:\/\/pedrogajate.com\/wp-content\/uploads\/2017\/08\/IMG_20170414_084828-540x410.jpg\" alt=\"\" \/>\n\t\t\t\t\t\t\t\t\t\t\t<div class=\"gallery_fadder\"><\/div>\n\t\t\t\t\t\t\t\t\t\t\t<span class=\"plus_icon\"><\/span><\/div>\n\t\t\t\t\t\t\t\t\t<\/a>\n\t\t\t\t\t\t\t\t<\/div>\n\t\t\t\t\t\t\t<\/div>\n                        <\/div>\n                        \n                        <div class=\"gallery_item\">\n\t\t\t\t\t\t\t<div class=\"gallery_item_padding\">\n\t\t\t\t\t\t\t\t<div class=\"gallery_item_wrapper\"><a class=\"dm_link\" id=\"dm_image14\" data-count=\"14\" data-width=\"1200\" data-height=\"675\" data-ratio=\"1.7777777777778\" data-thmb=\"https:\/\/pedrogajate.com\/wp-content\/uploads\/2017\/08\/IMG_20170816_091846-104x104.jpg\" data-type=\"image\" href=\"https:\/\/pedrogajate.com\/wp-content\/uploads\/2017\/08\/IMG_20170816_091846.jpg\" title=\"\"><div class=\"img_block\"><img class=\"img2preload\" data-title = \"\" data-caption = \"\"  data-title-color = \"\" data-caption-color = \"\"  data-img=\"https:\/\/pedrogajate.com\/wp-content\/uploads\/2017\/08\/IMG_20170816_091846.jpg\" src=\"https:\/\/pedrogajate.com\/wp-content\/uploads\/2017\/08\/IMG_20170816_091846-540x410.jpg\" alt=\"\" \/>\n\t\t\t\t\t\t\t\t\t\t\t<div class=\"gallery_fadder\"><\/div>\n\t\t\t\t\t\t\t\t\t\t\t<span class=\"plus_icon\"><\/span><\/div>\n\t\t\t\t\t\t\t\t\t<\/a>\n\t\t\t\t\t\t\t\t<\/div>\n\t\t\t\t\t\t\t<\/div>\n                        <\/div>\n                        \n                        <div class=\"gallery_item\">\n\t\t\t\t\t\t\t<div class=\"gallery_item_padding\">\n\t\t\t\t\t\t\t\t<div class=\"gallery_item_wrapper\"><a class=\"dm_link\" id=\"dm_image15\" data-count=\"15\" data-width=\"1200\" data-height=\"675\" data-ratio=\"1.7777777777778\" data-thmb=\"https:\/\/pedrogajate.com\/wp-content\/uploads\/2017\/08\/IMG_20180222_175605-104x104.jpg\" data-type=\"image\" href=\"https:\/\/pedrogajate.com\/wp-content\/uploads\/2017\/08\/IMG_20180222_175605.jpg\" title=\"\"><div class=\"img_block\"><img class=\"img2preload\" data-title = \"\" data-caption = \"\"  data-title-color = \"\" data-caption-color = \"\"  data-img=\"https:\/\/pedrogajate.com\/wp-content\/uploads\/2017\/08\/IMG_20180222_175605.jpg\" src=\"https:\/\/pedrogajate.com\/wp-content\/uploads\/2017\/08\/IMG_20180222_175605-540x410.jpg\" alt=\"\" \/>\n\t\t\t\t\t\t\t\t\t\t\t<div class=\"gallery_fadder\"><\/div>\n\t\t\t\t\t\t\t\t\t\t\t<span class=\"plus_icon\"><\/span><\/div>\n\t\t\t\t\t\t\t\t\t<\/a>\n\t\t\t\t\t\t\t\t<\/div>\n\t\t\t\t\t\t\t<\/div>\n                        <\/div>\n                        \n                        <div class=\"gallery_item\">\n\t\t\t\t\t\t\t<div class=\"gallery_item_padding\">\n\t\t\t\t\t\t\t\t<div class=\"gallery_item_wrapper\"><a class=\"dm_link\" id=\"dm_image16\" data-count=\"16\" data-width=\"1200\" data-height=\"675\" data-ratio=\"1.7777777777778\" data-thmb=\"https:\/\/pedrogajate.com\/wp-content\/uploads\/2017\/08\/IMG_20180401_105414-104x104.jpg\" data-type=\"image\" href=\"https:\/\/pedrogajate.com\/wp-content\/uploads\/2017\/08\/IMG_20180401_105414.jpg\" title=\"\"><div class=\"img_block\"><img class=\"img2preload\" data-title = \"\" data-caption = \"\"  data-title-color = \"\" data-caption-color = \"\"  data-img=\"https:\/\/pedrogajate.com\/wp-content\/uploads\/2017\/08\/IMG_20180401_105414.jpg\" src=\"https:\/\/pedrogajate.com\/wp-content\/uploads\/2017\/08\/IMG_20180401_105414-540x410.jpg\" alt=\"\" \/>\n\t\t\t\t\t\t\t\t\t\t\t<div class=\"gallery_fadder\"><\/div>\n\t\t\t\t\t\t\t\t\t\t\t<span class=\"plus_icon\"><\/span><\/div>\n\t\t\t\t\t\t\t\t\t<\/a>\n\t\t\t\t\t\t\t\t<\/div>\n\t\t\t\t\t\t\t<\/div>\n                        <\/div>\n                        \n                        <div class=\"gallery_item\">\n\t\t\t\t\t\t\t<div class=\"gallery_item_padding\">\n\t\t\t\t\t\t\t\t<div class=\"gallery_item_wrapper\"><a class=\"dm_link\" id=\"dm_image17\" data-count=\"17\" data-width=\"1200\" data-height=\"675\" data-ratio=\"1.7777777777778\" data-thmb=\"https:\/\/pedrogajate.com\/wp-content\/uploads\/2017\/08\/IMG_20180401_110028-104x104.jpg\" data-type=\"image\" href=\"https:\/\/pedrogajate.com\/wp-content\/uploads\/2017\/08\/IMG_20180401_110028.jpg\" title=\"\"><div class=\"img_block\"><img class=\"img2preload\" data-title = \"\" data-caption = \"\"  data-title-color = \"\" data-caption-color = \"\"  data-img=\"https:\/\/pedrogajate.com\/wp-content\/uploads\/2017\/08\/IMG_20180401_110028.jpg\" src=\"https:\/\/pedrogajate.com\/wp-content\/uploads\/2017\/08\/IMG_20180401_110028-540x410.jpg\" alt=\"\" \/>\n\t\t\t\t\t\t\t\t\t\t\t<div class=\"gallery_fadder\"><\/div>\n\t\t\t\t\t\t\t\t\t\t\t<span class=\"plus_icon\"><\/span><\/div>\n\t\t\t\t\t\t\t\t\t<\/a>\n\t\t\t\t\t\t\t\t<\/div>\n\t\t\t\t\t\t\t<\/div>\n                        <\/div>\n                        \n                        <div class=\"gallery_item\">\n\t\t\t\t\t\t\t<div class=\"gallery_item_padding\">\n\t\t\t\t\t\t\t\t<div class=\"gallery_item_wrapper\"><a class=\"dm_link\" id=\"dm_image18\" data-count=\"18\" data-width=\"800\" data-height=\"1067\" data-ratio=\"0.74976569821931\" data-thmb=\"https:\/\/pedrogajate.com\/wp-content\/uploads\/2017\/08\/Fuente_borrego_1-1-104x104.jpg\" data-type=\"image\" href=\"https:\/\/pedrogajate.com\/wp-content\/uploads\/2017\/08\/Fuente_borrego_1-1.jpg\" title=\"\"><div class=\"img_block\"><img class=\"img2preload\" data-title = \"\" data-caption = \"\"  data-title-color = \"\" data-caption-color = \"\"  data-img=\"https:\/\/pedrogajate.com\/wp-content\/uploads\/2017\/08\/Fuente_borrego_1-1.jpg\" src=\"https:\/\/pedrogajate.com\/wp-content\/uploads\/2017\/08\/Fuente_borrego_1-1-540x410.jpg\" alt=\"\" \/>\n\t\t\t\t\t\t\t\t\t\t\t<div class=\"gallery_fadder\"><\/div>\n\t\t\t\t\t\t\t\t\t\t\t<span class=\"plus_icon\"><\/span><\/div>\n\t\t\t\t\t\t\t\t\t<\/a>\n\t\t\t\t\t\t\t\t<\/div>\n\t\t\t\t\t\t\t<\/div>\n                        <\/div>\n                        \n                        <div class=\"gallery_item\">\n\t\t\t\t\t\t\t<div class=\"gallery_item_padding\">\n\t\t\t\t\t\t\t\t<div class=\"gallery_item_wrapper\"><a class=\"dm_link\" id=\"dm_image19\" data-count=\"19\" data-width=\"800\" data-height=\"1067\" data-ratio=\"0.74976569821931\" data-thmb=\"https:\/\/pedrogajate.com\/wp-content\/uploads\/2017\/08\/Fuente_borrego_2-104x104.jpg\" data-type=\"image\" href=\"https:\/\/pedrogajate.com\/wp-content\/uploads\/2017\/08\/Fuente_borrego_2.jpg\" title=\"\"><div class=\"img_block\"><img class=\"img2preload\" data-title = \"\" data-caption = \"\"  data-title-color = \"\" data-caption-color = \"\"  data-img=\"https:\/\/pedrogajate.com\/wp-content\/uploads\/2017\/08\/Fuente_borrego_2.jpg\" src=\"https:\/\/pedrogajate.com\/wp-content\/uploads\/2017\/08\/Fuente_borrego_2-540x410.jpg\" alt=\"\" \/>\n\t\t\t\t\t\t\t\t\t\t\t<div class=\"gallery_fadder\"><\/div>\n\t\t\t\t\t\t\t\t\t\t\t<span class=\"plus_icon\"><\/span><\/div>\n\t\t\t\t\t\t\t\t\t<\/a>\n\t\t\t\t\t\t\t\t<\/div>\n\t\t\t\t\t\t\t<\/div>\n                        <\/div>\n                        \n                        <div class=\"gallery_item\">\n\t\t\t\t\t\t\t<div class=\"gallery_item_padding\">\n\t\t\t\t\t\t\t\t<div class=\"gallery_item_wrapper\"><a class=\"dm_link\" id=\"dm_image20\" data-count=\"20\" data-width=\"800\" data-height=\"1067\" data-ratio=\"0.74976569821931\" data-thmb=\"https:\/\/pedrogajate.com\/wp-content\/uploads\/2017\/08\/Fuente_borrego_3-104x104.jpg\" data-type=\"image\" href=\"https:\/\/pedrogajate.com\/wp-content\/uploads\/2017\/08\/Fuente_borrego_3.jpg\" title=\"\"><div class=\"img_block\"><img class=\"img2preload\" data-title = \"\" data-caption = \"\"  data-title-color = \"\" data-caption-color = \"\"  data-img=\"https:\/\/pedrogajate.com\/wp-content\/uploads\/2017\/08\/Fuente_borrego_3.jpg\" src=\"https:\/\/pedrogajate.com\/wp-content\/uploads\/2017\/08\/Fuente_borrego_3-540x410.jpg\" alt=\"\" \/>\n\t\t\t\t\t\t\t\t\t\t\t<div class=\"gallery_fadder\"><\/div>\n\t\t\t\t\t\t\t\t\t\t\t<span class=\"plus_icon\"><\/span><\/div>\n\t\t\t\t\t\t\t\t\t<\/a>\n\t\t\t\t\t\t\t\t<\/div>\n\t\t\t\t\t\t\t<\/div>\n                        <\/div>\n                        \n            <div class='clear'><\/div>\n            <\/div>\n            <\/div><!-- .module_cont --><\/div>","protected":false},"excerpt":{"rendered":"<p>La Fuente Borrego La finca La Fuente Borrego se encuentra en el t\u00e9rmino municipal de Sobradillo, en el paraje local conocido como \u201cVi\u00f1a Nueva\u201d, a una altitud media de 635 m sobre el nivel del mar. Tiene suelos variables, la zona colindante al arroyo malla se compone de materiales aluviales, siendo profundo y pedregoso. Al alejarse del arroyo aparecen suelos formados por rocas metam\u00f3rficas (esquistos y granitos) con textura franco-arcillosa o franco-arenosa. Tiene una superficie de casi 3 hect\u00e1reas, dividida en monte, pastos y prados. \u00a0La masa arbolada est\u00e1 formada principalmente por especies del g\u00e9nero quercus, encina y roble. La actividad agr\u00edcola de la finca se basa en el cultivo en secano de la vid, el olivo, el almendro y frutales varios. La vi\u00f1a est\u00e1 situada en una ladera hacia el arroyo Malla a una altitud media de 625m y tiene una superficie de 4200m2. Formada por suelos profundos de textura franco arcillosa en la parte alta \u00a0y suelos menos profundos con materiales m\u00e1s gruesos (cantos) en la baja. &nbsp;<\/p>\n","protected":false},"author":1,"featured_media":205,"parent":26,"menu_order":0,"comment_status":"closed","ping_status":"closed","template":"page-center.php","meta":[],"_links":{"self":[{"href":"https:\/\/pedrogajate.com\/index.php?rest_route=\/wp\/v2\/pages\/59"}],"collection":[{"href":"https:\/\/pedrogajate.com\/index.php?rest_route=\/wp\/v2\/pages"}],"about":[{"href":"https:\/\/pedrogajate.com\/index.php?rest_route=\/wp\/v2\/types\/page"}],"author":[{"embeddable":true,"href":"https:\/\/pedrogajate.com\/index.php?rest_route=\/wp\/v2\/users\/1"}],"replies":[{"embeddable":true,"href":"https:\/\/pedrogajate.com\/index.php?rest_route=%2Fwp%2Fv2%2Fcomments&post=59"}],"version-history":[{"count":12,"href":"https:\/\/pedrogajate.com\/index.php?rest_route=\/wp\/v2\/pages\/59\/revisions"}],"predecessor-version":[{"id":436,"href":"https:\/\/pedrogajate.com\/index.php?rest_route=\/wp\/v2\/pages\/59\/revisions\/436"}],"up":[{"embeddable":true,"href":"https:\/\/pedrogajate.com\/index.php?rest_route=\/wp\/v2\/pages\/26"}],"wp:featuredmedia":[{"embeddable":true,"href":"https:\/\/pedrogajate.com\/index.php?rest_route=\/wp\/v2\/media\/205"}],"wp:attachment":[{"href":"https:\/\/pedrogajate.com\/index.php?rest_route=%2Fwp%2Fv2%2Fmedia&parent=59"}],"curies":[{"name":"wp","href":"https:\/\/api.w.org\/{rel}","templated":true}]}}