{"id":446,"date":"2018-05-28T17:28:50","date_gmt":"2018-05-28T15:28:50","guid":{"rendered":"https:\/\/pedrogajate.com\/?page_id=446"},"modified":"2018-05-28T22:53:01","modified_gmt":"2018-05-28T20:53:01","slug":"aviso-legal","status":"publish","type":"page","link":"https:\/\/pedrogajate.com\/?page_id=446","title":{"rendered":"Aviso Legal"},"content":{"rendered":"<h3><strong>AVISO LEGAL<\/strong><\/h3>\n<p><strong>1. Introducci\u00f3n<\/strong><\/p>\n<p>El presente Aviso Legal regula el uso de la p\u00e1gina web http:\/\/pedrogajate.com\/ (en adelante, la p\u00e1gina web) titularidad de PEDRO GAJATE, S.L. (en adelante, PEDRO GAJATE o el Titular), con NIF B37516804 y domicilio social en Carretera de la Redonda, 8. 37246 Sobradillo (Salamanca), debidamente inscrita en el Registro Mercantil de Salamanca, al Tomo 430, Folio 18, Hoja SA-14371, que \u00e9sta pone a disposici\u00f3n de los usuarios de Internet.<\/p>\n<p>El acceso a la p\u00e1gina web es gratuito salvo en lo relativo al coste de la conexi\u00f3n a trav\u00e9s de la red de telecomunicaciones suministrada por el proveedor de acceso contratado por los usuarios.<\/p>\n<p><strong>2. Aceptaci\u00f3n<\/strong><\/p>\n<p>La utilizaci\u00f3n de la p\u00e1gina web atribuye la condici\u00f3n de usuario e implica la aceptaci\u00f3n de todas las condiciones y t\u00e9rminos de uso incluidos en el presente Aviso Legal.<\/p>\n<p>Se recomienda a los Usuarios leer atentamente este Aviso Legal de forma peri\u00f3dica, ya que las condiciones de uso de la misma, recogidas en el mencionado Aviso, pueden sufrir modificaciones.<\/p>\n<p>Algunos servicios accesibles para los usuarios a trav\u00e9s de la p\u00e1gina web pueden estar sometidos a condiciones particulares que, en su caso, sustituir\u00e1n, completar\u00e1n y\/o modificar\u00e1n el presente Aviso Legal y que deber\u00e1n ser aceptadas por el usuario antes de iniciar la prestaci\u00f3n del servicio correspondiente.<\/p>\n<p>PEDRO GAJATE se reserva la facultad de modificar unilateralmente las condiciones y t\u00e9rminos de uso de esta p\u00e1gina. Cualquier cambio en este sentido se publicar\u00e1 de forma visible en la p\u00e1gina web de manera que pueda ser conocido por el usuario antes de la visita a la p\u00e1gina.<\/p>\n<p><strong>3. Navegaci\u00f3n, acceso y seguridad<\/strong><\/p>\n<p>El acceso y navegaci\u00f3n en este web site supone aceptar y conocer las advertencias legales, condiciones y t\u00e9rminos de uso contenidas en ella. PEDRO GAJATE realiza los m\u00e1ximos esfuerzos para que la navegaci\u00f3n se realice en las mejores condiciones y evitar los perjuicios de cualquier tipo que pudiesen ocasionarse durante la misma.<\/p>\n<p>Este web site ha sido dise\u00f1ado para soportar los navegadores Chrome, Firefox, Edge y Opera.<\/p>\n<p>El Titular no se hace responsable de los perjuicios, de cualquier \u00edndole, que pudieran ocasionarse a los Usuarios por la utilizaci\u00f3n de otros navegadores o versiones distintas de los navegadores para los que ha sido dise\u00f1ado el web site.<\/p>\n<p>El acceso a este web site se realiza en un entorno seguro, por lo que la informaci\u00f3n se transmite de forma cifrada.<\/p>\n<p><strong>4. Obligaciones del usuario<\/strong><\/p>\n<p>4.1 Obligaci\u00f3n de hacer un uso correcto de la p\u00e1gina web<\/p>\n<p>Las condiciones de acceso y uso de esta p\u00e1gina web est\u00e1n supeditadas a la legalidad vigente y a los principios de buena fe y uso l\u00edcito por parte del usuario de la misma quedando prohibido, con car\u00e1cter general, cualquier tipo de actuaci\u00f3n en perjuicio de PEDRO GAJATE y contraria al presente Aviso Legal.<\/p>\n<p>El usuario se compromete a utilizar este servicio sin incurrir en actividades que puedan ser consideradas il\u00edcitas o ilegales, que infrinjan los derechos de PEDRO GAJATE o de terceros, o que puedan da\u00f1ar, inutilizar, sobrecargar o deteriorar la p\u00e1gina web o impedir la normal utilizaci\u00f3n de la misma por parte de otros usuarios.<\/p>\n<p>4.2 Solicitud de contenidos<\/p>\n<p>El Usuario deber\u00e1 abstenerse de realizar solicitudes de contenidos ofrecidos a trav\u00e9s de esta p\u00e1gina web utilizando medios o procedimientos distintos de los que se hayan puesto a su disposici\u00f3n, distintos de los que se hayan indicado en la p\u00e1gina web o distintos de los que se empleen habitualmente en Internet y siempre que los mismos no entra\u00f1en un riesgo de inutilizaci\u00f3n de la p\u00e1gina web y sus contenidos.<\/p>\n<p>4.3 Prohibiciones<\/p>\n<p>Queda prohibido el uso de esta web con fines ilegales o no autorizados, en concreto y sin car\u00e1cter taxativo:<\/p>\n<p>1) Cualquier forma de violaci\u00f3n de los derechos de terceros (derecho a la intimidad, derecho a la propia imagen, derechos de propiedad intelectual e industrial, etc.).<\/p>\n<p>2) Realizar, usando los contenidos de esta web, cualquier tipo de publicidad como env\u00edo de correos electr\u00f3nicos no solicitados (spam) o comunicaci\u00f3n similar.<\/p>\n<p>3) Introducir virus inform\u00e1ticos, archivos defectuosos o cualquier otro software o programa inform\u00e1tico que pueda provocar da\u00f1os o alteraciones no autorizadas de los contenidos o sistemas accesibles a trav\u00e9s de esta p\u00e1gina web.<\/p>\n<p><strong>5. Actualidad<\/strong><\/p>\n<p>La informaci\u00f3n que aparece en este web site es la vigente en la fecha de su \u00faltima actualizaci\u00f3n. El Titular se reserva el derecho a actualizar, modificar o eliminar la informaci\u00f3n de este web site.<\/p>\n<p><strong>6. Propiedad intelectual<\/strong><\/p>\n<p>Toda la informaci\u00f3n contenida en esta p\u00e1gina web, as\u00ed como su dise\u00f1o gr\u00e1fico y los c\u00f3digos utilizados, est\u00e1n protegidos por derechos de autor u otros derechos de protecci\u00f3n recogidos en el Real Decreto Legislativo 1\/1996, de 12 de abril, por el que se aprueba el Texto Refundido de la Ley de Propiedad Intelectual. Estos derechos pertenecen exclusivamente a PEDRO GAJATE, o a sus licenciantes, por lo tanto, queda expresamente excluido cualquier acto de reproducci\u00f3n, distribuci\u00f3n, transformaci\u00f3n o comunicaci\u00f3n p\u00fablica, as\u00ed como cualquier tipo de cesi\u00f3n, del todo o parte del contenido de este sitio, y en general de cualquier objeto que seg\u00fan la legislaci\u00f3n vigente sea protegible por las normas de propiedad intelectual.<\/p>\n<p>Todo el contenido del web y todo el contenido disponible a trav\u00e9s de los productos y servicios del Titular incluyendo dise\u00f1os, texto, gr\u00e1ficos, im\u00e1genes, v\u00eddeo, informaci\u00f3n, aplicaciones, software, m\u00fasica, sonido y otros archivos, as\u00ed como su selecci\u00f3n y disposici\u00f3n (el \u00abContenido\u201d) son propiedad exclusiva del Titular o de sus licenciantes, con todos los derechos reservados. Ninguna parte del Contenido del web podr\u00e1 ser modificada, copiada, distribuida, enmarcada, reproducida, republicada, descargada, extra\u00edda, mostrada, publicada, transmitida o vendida en modo alguno o por ning\u00fan medio, total o parcialmente, sin el previo consentimiento por escrito del Titular. Siempre que el usuario est\u00e9 legitimado para usar el web, el Titular otorga una licencia limitada para usar y acceder al web y al Contenido del web y para descargar leg\u00edtimamente y s\u00f3lo para uso personal y no comercial, el contenido del mismo, siempre y cuando se mantengan intactas todas las advertencias sobre derechos de autor y propiedad intelectual. No se podr\u00e1 cargar o republicar Contenido del web en ning\u00fan sitio de Internet, Intranet o Extranet ni integrar la informaci\u00f3n en bases de datos o compilaci\u00f3n. Cualquier otro uso del Contenido del web queda estrictamente prohibido.<\/p>\n<p>El contenido de esta p\u00e1gina no debe ser utilizado para difusi\u00f3n p\u00fablica o con fines comerciales, y no debe ser modificado sin el previo consentimiento escrito del Titular.<\/p>\n<p><strong>7. Marcas registradas<\/strong><\/p>\n<p>Todas las marcas, logotipos y anagramas mostrados en este sitio son propiedad de PEDRO GAJATE o de terceras empresas. Queda expresamente prohibida la utilizaci\u00f3n, sin previo consentimiento, de cualquier elemento de esta p\u00e1gina web que sea objeto de protecci\u00f3n de acuerdo con la legislaci\u00f3n vigente relativa a propiedad industrial. Especialmente, no podr\u00e1n utilizarse marcas, nombres comerciales, r\u00f3tulos de establecimientos, denominaciones, logotipos, esl\u00f3ganes o cualquier tipo de signo distintivo perteneciente al Titular.<\/p>\n<p><strong>8. Pol\u00edtica de Privacidad<\/strong><\/p>\n<p>A trav\u00e9s de la\u00a0<a href=\"https:\/\/pedrogajate.com\/?page_id=137\"><u>Pol\u00edtica de Privacidad<\/u><\/a> los Usuarios podr\u00e1n informarse del tratamiento de sus datos para poder determinar libre y voluntariamente si desean facilitar a PEDRO GAJATE sus datos personales.<\/p>\n<p>PEDRO GAJATE se reserva el derecho a modificar la presente pol\u00edtica. En dichos supuestos, se anunciar\u00e1 en esta p\u00e1gina los cambios introducidos con razonable antelaci\u00f3n a su puesta en pr\u00e1ctica.<\/p>\n<p>Con este objeto, PEDRO GAJATE proporcionar\u00e1 a los Usuarios los recursos t\u00e9cnicos adecuados para que, con car\u00e1cter previo, puedan acceder a este aviso sobre la Pol\u00edtica de Protecci\u00f3n de Datos o a cualquier otra informaci\u00f3n relevante y puedan prestar su consentimiento a fin de que PEDRO GAJATE proceda al tratamiento automatizado de sus Datos Personales.<\/p>\n<p>PEDRO GAJATE ha adoptado los niveles de seguridad de protecci\u00f3n de los Datos Personales legalmente requeridos, y ha instalado todos los medios y medidas t\u00e9cnicas a su alcance para evitar la p\u00e9rdida, mal uso, alteraci\u00f3n, acceso no autorizado y robo de los Datos Personales facilitados a PEDRO GAJATE. Ello no obstante, el Usuario debe ser consciente de que las medidas de seguridad en Internet no son inexpugnables.<\/p>\n<p>Cualquier duda acerca de la pol\u00edtica de privacidad y el tratamiento de los datos personales podr\u00e1 ser remitida a la direcci\u00f3n de correo electr\u00f3nico info@pedrogajate.com<\/p>\n<p><strong>9. Cookies<\/strong><\/p>\n<p>Cualquier informaci\u00f3n relativa a las cookies empleadas en este website, as\u00ed como las opciones para su modificaci\u00f3n o desinstalaci\u00f3n est\u00e1n disponibles a trav\u00e9s del canal <a href=\"https:\/\/pedrogajate.com\/?page_id=457\"><u>Pol\u00edtica de Cookies<\/u><\/a>.<\/p>\n<p>PEDRO GAJATE podr\u00e1 utilizar cookies durante el acceso a esta p\u00e1gina web. Las cookies son procedimientos autom\u00e1ticos de recogida de informaci\u00f3n relativa a las preferencias determinadas por un usuario durante su visita a una determinada p\u00e1gina web. Esta informaci\u00f3n se registra en peque\u00f1os archivos que son guardados en los equipos inform\u00e1ticos del usuario correspondiente de forma imperceptible. Cada vez que el usuario vuelva a acceder a la p\u00e1gina web en cuesti\u00f3n estos archivos se activan autom\u00e1ticamente de manera que se configura la p\u00e1gina con las preferencias se\u00f1aladas en anteriores visitas. En definitiva, las cookies son ficheros f\u00edsicos de informaci\u00f3n personal alojados en el propio terminal del usuario y asociados inequ\u00edvocamente a este terminal. Las cookies no pueden leer los archivos cookie creados por otros sitios web.<\/p>\n<p>El usuario tiene la posibilidad de configurar su programa navegador de manera que se impida la creaci\u00f3n de archivos cookie o se advierta del momento en que esto ocurre. La p\u00e1gina web es accesible sin necesidad de que est\u00e9n activadas las opciones referentes a los archivos cookie, si bien puede impedir el correcto funcionamiento de mecanismos de seguridad para servicios exclusivos o determinados servicios que requieren de una mayor seguridad. Por norma general, la finalidad de los archivos cookie de la p\u00e1gina web es la de facilitar la navegaci\u00f3n del usuario.<\/p>\n<p><strong>10. Hiperenlaces<\/strong><\/p>\n<p>El usuario que quiera introducir enlaces desde sus propias p\u00e1ginas web a la de PEDRO GAJATE deber\u00e1 cumplir con las condiciones que se detallan a continuaci\u00f3n sin que el desconocimiento de las mismas evite las responsabilidades derivadas de la Ley:<\/p>\n<p>1) El enlace \u00fanicamente vincular\u00e1 con la home page o p\u00e1gina principal pero no podr\u00e1 reproducirla de ninguna forma (inline links, copia de los textos, gr\u00e1ficos, etc.).<\/p>\n<p>2) Quedar\u00e1 en todo caso prohibido, de acuerdo con la legislaci\u00f3n aplicable y vigente en cada momento, establecer frames o marcos de cualquier tipo que envuelvan a esta p\u00e1gina o permitan la visualizaci\u00f3n de los contenidos a trav\u00e9s de direcciones de Internet distintas a las de la misma y, en cualquier caso, cuando se visualicen conjuntamente con contenidos ajenos a ella de forma que: (I) produzca, o pueda producir, error, confusi\u00f3n o enga\u00f1o en los usuarios sobre la verdadera procedencia del servicio o contenidos; (II) suponga un acto de comparaci\u00f3n o imitaci\u00f3n desleal; (III) sirva para aprovechar la reputaci\u00f3n de la marca y prestigio de PEDRO GAJATE; o (IV) de cualquier otra forma resulte prohibido por la legislaci\u00f3n vigente.<\/p>\n<p>3) No se realizar\u00e1n desde la p\u00e1gina que introduce el enlace ning\u00fan tipo de manifestaci\u00f3n falsa, inexacta o incorrecta sobre PEDRO GAJATE, sus empleados o sobre las actividades que desarrolla.<\/p>\n<p>4) En ning\u00fan caso, se expresar\u00e1 en la p\u00e1gina donde se ubique el enlace que PEDRO GAJATE ha prestado su consentimiento para la inserci\u00f3n del mismo o que, de otra forma, patrocina, colabora, verifica o supervisa los servicios del remitente.<\/p>\n<p>5) Est\u00e1 prohibida la utilizaci\u00f3n de cualquier marca denominativa, gr\u00e1fica o mixta o cualquier otro distintivo de PEDRO GAJATE dentro de la p\u00e1gina del remitente salvo en los casos permitidos por la Ley o expresamente autorizados por PEDRO GAJATE y siempre que se permita, en estos casos, un enlace directo con la p\u00e1gina web de PEDRO GAJATE en la forma establecida en esta cl\u00e1usula.<\/p>\n<p>6) La p\u00e1gina que establezca el enlace deber\u00e1 cumplir fielmente con la Ley y no podr\u00e1 en ning\u00fan caso disponer o enlazar con contenidos propios o de terceros que: (i) sean il\u00edcitos, nocivos o contrarios a la moral y a las buenas costumbres (pornogr\u00e1ficos, violentos, racistas, etc.); (ii) induzcan o puedan inducir en el Usuario la falsa concepci\u00f3n de que PEDRO GAJATE suscribe, respalda, se adhiere o de cualquier manera apoya, las ideas, manifestaciones o expresiones, l\u00edcitas o il\u00edcitas, del remitente; (iii) resulten inapropiados o no pertinentes con la actividad de PEDRO GAJATE en atenci\u00f3n al lugar, contenidos y tem\u00e1tica de la p\u00e1gina web del remitente.<\/p>\n<p>En cualquier caso, PEDRO GAJATE se reserva el derecho a prohibir los enlaces a su p\u00e1gina web y a exigir su retirada cuando \u00e9stos no cumplan las condiciones exigidas en este apartado.<\/p>\n<p><strong>11. Responsabilidad<\/strong><\/p>\n<p>El usuario ser\u00e1 el \u00fanico responsable de las infracciones en que pueda incurrir o de los perjuicios que se puedan causar a terceros por la indebida o ileg\u00edtima utilizaci\u00f3n de la p\u00e1gina web.<\/p>\n<p>PEDRO GAJATE no ser\u00e1 responsable de los posibles da\u00f1os o perjuicios que se pudieran derivar de interferencias, omisiones, interrupciones, virus inform\u00e1ticos, aver\u00edas telef\u00f3nicas o desconexiones en el funcionamiento operativo de los sistemas electr\u00f3nicos o inform\u00e1ticos, motivadas por causas ajenas a la empresa, de los retrasos o bloqueos en el uso de dichos sistemas causados por deficiencias o sobrecargas de l\u00edneas telef\u00f3nicas, sobrecargas en el sistema de Internet o en otros sistemas electr\u00f3nicos.<\/p>\n<p>PEDRO GAJATE no garantiza la veracidad ni se responsabiliza de las consecuencias que pudieran derivarse de los errores en los contenidos proporcionados por terceros que pudieran aparecer en esta p\u00e1gina web.<\/p>\n<p>Del mismo modo, PEDRO GAJATE tampoco se responsabiliza de los contenidos, productos o servicios que puedan visualizarse mediante enlaces electr\u00f3nicos (links), directa o indirectamente, a trav\u00e9s de la p\u00e1gina web, salvo en aquellos supuestos previstos en el art\u00edculo 17 de la Ley 34\/2002, de 12 de julio, de Servicios de la Sociedad de la Informaci\u00f3n y Comercio Electr\u00f3nico (LSSI). En caso de que un usuario considere que existe un sitio enlazado con contenidos il\u00edcitos o inadecuados deber\u00e1 ponerlos en conocimiento de PEDRO GAJATE.<\/p>\n<p>Los enlaces no representan necesariamente la existencia de relaci\u00f3n entre PEDRO GAJATE y los particulares y entidades titulares de las p\u00e1ginas a las que dan acceso ni la recomendaci\u00f3n, promoci\u00f3n o identificaci\u00f3n de PEDRO GAJATE con las manifestaciones, contenidos o servicios facilitados a trav\u00e9s de ellas. PEDRO GAJATE se reserva el derecho a retirar de modo unilateral y en cualquier momento los links que aparecen en su p\u00e1gina web.<\/p>\n<p>PEDRO GAJATE no conoce los contenidos y servicios de los sitios enlazados y, por tanto, no se hace responsable por los da\u00f1os producidos por la ilicitud, calidad, desactualizaci\u00f3n, indisponibilidad, error e inutilidad de los mismos ni por cualquier otro da\u00f1o que no sea directamente imputable a ella.<\/p>\n<p>PEDRO GAJATE se exime de responsabilidad en cuanto a las \u00abcookies\u00bb que terceros ajenos pudieran instalar en el disco duro del ordenador del usuario.<\/p>\n<p><strong>12. Comunicaciones<\/strong><\/p>\n<p>Para cualquier comunicaci\u00f3n que fuera preciso efectuar deber\u00e1n de enviar un correo electr\u00f3nico a info@pedrogajate.com o enviar una comunicaci\u00f3n escrita a PEDRO GAJATE, S.L., Carretera de la Redonda, 8. 37246 Sobradillo (Salamanca).<\/p>\n<p>El usuario acepta expresamente la utilizaci\u00f3n de correo electr\u00f3nico como procedimiento v\u00e1lido para la remisi\u00f3n de comunicaciones.<\/p>\n<p><strong>13. Jurisdicci\u00f3n y legislaci\u00f3n aplicable<\/strong><\/p>\n<p>Los t\u00e9rminos y condiciones que rigen este web site y todas las relaciones que pudieran derivarse se encuentran salvaguardados por la legislaci\u00f3n espa\u00f1ola.<\/p>\n<p>Cualquier controversia que pudiera derivarse del acceso o la utilizaci\u00f3n de este web site ser\u00e1 de competencia de los tribunales que correspondan seg\u00fan el fuero del usuario.<\/p>\n<p>&nbsp;<\/p>\n<p>PEDRO GAJATE, S.L. 2018 \u00a9Todos los derechos reservados<\/p>\n","protected":false},"excerpt":{"rendered":"<p>AVISO LEGAL 1. Introducci\u00f3n El presente Aviso Legal regula el uso de la p\u00e1gina web http:\/\/pedrogajate.com\/ (en adelante, la p\u00e1gina web) titularidad de PEDRO GAJATE, S.L. (en adelante, PEDRO GAJATE o el Titular), con NIF B37516804 y domicilio social en Carretera de la Redonda, 8. 37246 Sobradillo (Salamanca), debidamente inscrita en el Registro Mercantil de Salamanca, al Tomo 430, Folio 18, Hoja SA-14371, que \u00e9sta pone a disposici\u00f3n de los usuarios de Internet. El acceso a la p\u00e1gina web es gratuito salvo en lo relativo al coste de la conexi\u00f3n a trav\u00e9s de la red de telecomunicaciones suministrada por el proveedor de acceso contratado por los usuarios. 2. Aceptaci\u00f3n La utilizaci\u00f3n de la p\u00e1gina web atribuye la condici\u00f3n de usuario e implica la aceptaci\u00f3n de todas las condiciones y t\u00e9rminos de uso incluidos en el presente Aviso Legal. Se recomienda a los Usuarios leer atentamente este Aviso Legal de forma peri\u00f3dica, ya que las condiciones de uso de la misma, recogidas en el mencionado Aviso, pueden sufrir modificaciones. Algunos servicios accesibles para los usuarios a trav\u00e9s de la p\u00e1gina web pueden estar sometidos a condiciones particulares que, en su caso, sustituir\u00e1n, completar\u00e1n y\/o modificar\u00e1n el presente Aviso Legal y que [&hellip;]<\/p>\n","protected":false},"author":1,"featured_media":0,"parent":0,"menu_order":0,"comment_status":"closed","ping_status":"closed","template":"","meta":[],"_links":{"self":[{"href":"https:\/\/pedrogajate.com\/index.php?rest_route=\/wp\/v2\/pages\/446"}],"collection":[{"href":"https:\/\/pedrogajate.com\/index.php?rest_route=\/wp\/v2\/pages"}],"about":[{"href":"https:\/\/pedrogajate.com\/index.php?rest_route=\/wp\/v2\/types\/page"}],"author":[{"embeddable":true,"href":"https:\/\/pedrogajate.com\/index.php?rest_route=\/wp\/v2\/users\/1"}],"replies":[{"embeddable":true,"href":"https:\/\/pedrogajate.com\/index.php?rest_route=%2Fwp%2Fv2%2Fcomments&post=446"}],"version-history":[{"count":13,"href":"https:\/\/pedrogajate.com\/index.php?rest_route=\/wp\/v2\/pages\/446\/revisions"}],"predecessor-version":[{"id":467,"href":"https:\/\/pedrogajate.com\/index.php?rest_route=\/wp\/v2\/pages\/446\/revisions\/467"}],"wp:attachment":[{"href":"https:\/\/pedrogajate.com\/index.php?rest_route=%2Fwp%2Fv2%2Fmedia&parent=446"}],"curies":[{"name":"wp","href":"https:\/\/api.w.org\/{rel}","templated":true}]}}